{"id":4704,"date":"2024-12-25T19:57:56","date_gmt":"2024-12-25T19:57:56","guid":{"rendered":"https:\/\/www.green-courier.eu\/?page_id=4704"},"modified":"2024-12-25T19:58:53","modified_gmt":"2024-12-25T19:58:53","slug":"evaluation-page-scheme-1-ro","status":"publish","type":"page","link":"https:\/\/www.green-courier.eu\/index.php\/ro\/evaluation-page-scheme-1-ro\/","title":{"rendered":"Evaluation page &#8211; Scheme 1 &#8211; RO"},"content":{"rendered":"\t\t<div data-elementor-type=\"wp-page\" data-elementor-id=\"4704\" class=\"elementor elementor-4704\">\n\t\t\t\t\t\t<section class=\"elementor-section elementor-top-section elementor-element elementor-element-d823079 elementor-section-boxed elementor-section-height-default elementor-section-height-default wpr-particle-no wpr-jarallax-no wpr-parallax-no wpr-sticky-section-no\" data-id=\"d823079\" data-element_type=\"section\" data-settings=\"{&quot;shape_divider_top&quot;:&quot;waves&quot;}\">\n\t\t\t\t\t<div class=\"elementor-shape elementor-shape-top\" data-negative=\"false\">\n\t\t\t<svg xmlns=\"http:\/\/www.w3.org\/2000\/svg\" viewBox=\"0 0 1000 100\" preserveAspectRatio=\"none\">\n\t<path class=\"elementor-shape-fill\" d=\"M421.9,6.5c22.6-2.5,51.5,0.4,75.5,5.3c23.6,4.9,70.9,23.5,100.5,35.7c75.8,32.2,133.7,44.5,192.6,49.7\n\tc23.6,2.1,48.7,3.5,103.4-2.5c54.7-6,106.2-25.6,106.2-25.6V0H0v30.3c0,0,72,32.6,158.4,30.5c39.2-0.7,92.8-6.7,134-22.4\n\tc21.2-8.1,52.2-18.2,79.7-24.2C399.3,7.9,411.6,7.5,421.9,6.5z\"\/>\n<\/svg>\t\t<\/div>\n\t\t\t\t\t<div class=\"elementor-container elementor-column-gap-default\">\n\t\t\t\t\t<div class=\"elementor-column elementor-col-100 elementor-top-column elementor-element elementor-element-2e71dc1\" data-id=\"2e71dc1\" data-element_type=\"column\">\n\t\t\t<div class=\"elementor-widget-wrap elementor-element-populated\">\n\t\t\t\t\t\t<div class=\"elementor-element elementor-element-cae67e6 elementor-widget elementor-widget-text-editor\" data-id=\"cae67e6\" data-element_type=\"widget\" data-widget_type=\"text-editor.default\">\n\t\t\t\t<div class=\"elementor-widget-container\">\n\t\t\t\t\t\t\t<p><span style=\"color: #000000;\"><strong>V\u0103 mul\u021bumim pentru finalizarea cursului de formare Couriers Go Green!<\/strong><\/span><\/p><p>\u00cenainte de a trece la paginile de certificare, v-am fi foarte recunosc\u0103tori pentru feedback-ul dumneavoastr\u0103 referitor la experien\u021ba de \u00eenv\u0103\u021bare. Contribu\u021bia dumneavoastr\u0103 este de nepre\u021buit pentru noi, deoarece ne ajut\u0103 s\u0103 \u00eembun\u0103t\u0103\u021bim continuu materialele de formare \u0219i platforma noastr\u0103. V\u0103 rug\u0103m s\u0103 v\u0103 aloca\u021bi un moment pentru a r\u0103spunde la urm\u0103toarele dou\u0103 \u00eentreb\u0103ri. R\u0103spunsurile dumneavoastr\u0103 vor fi stocate anonim \u0219i vor fi folosite exclusiv \u00een scopuri statistice.<\/p>\t\t\t\t\t\t<\/div>\n\t\t\t\t<\/div>\n\t\t\t\t<div class=\"elementor-element elementor-element-123083b elementor-widget elementor-widget-shortcode\" data-id=\"123083b\" data-element_type=\"widget\" data-widget_type=\"shortcode.default\">\n\t\t\t\t<div class=\"elementor-widget-container\">\n\t\t\t\t\t<div class=\"elementor-shortcode\">\n<div class=\"wpcf7 no-js\" id=\"wpcf7-f4701-o1\" lang=\"en-US\" dir=\"ltr\" data-wpcf7-id=\"4701\">\n<div class=\"screen-reader-response\"><p role=\"status\" aria-live=\"polite\" aria-atomic=\"true\"><\/p> <ul><\/ul><\/div>\n<form action=\"\/index.php\/wp-json\/wp\/v2\/pages\/4704#wpcf7-f4701-o1\" method=\"post\" class=\"wpcf7-form init\" aria-label=\"Contact form\" novalidate=\"novalidate\" data-status=\"init\">\n<div style=\"display: none;\">\n<input type=\"hidden\" name=\"_wpcf7\" value=\"4701\" \/>\n<input type=\"hidden\" name=\"_wpcf7_version\" value=\"6.0.1\" \/>\n<input type=\"hidden\" name=\"_wpcf7_locale\" value=\"en_US\" \/>\n<input type=\"hidden\" name=\"_wpcf7_unit_tag\" value=\"wpcf7-f4701-o1\" \/>\n<input type=\"hidden\" name=\"_wpcf7_container_post\" value=\"0\" \/>\n<input type=\"hidden\" name=\"_wpcf7_posted_data_hash\" value=\"\" \/>\n<input type=\"hidden\" name=\"_wpcf7_recaptcha_response\" value=\"\" \/>\n<\/div>\n<label> C\u00e2t de mult sim\u021bi\u021bi personal c\u0103 cursul de formare CGG a \u00eembun\u0103t\u0103\u021bit abilit\u0103\u021bile \u0219i cuno\u0219tin\u021bele dumneavoastr\u0103 despre verde\u021bul serviciilor de transport a marfii pe ultimul segment?<\/label>\n\n<span class=\"wpcf7-form-control-wrap\" data-name=\"first-question\"><span class=\"wpcf7-form-control wpcf7-radio\"><span class=\"wpcf7-list-item first\"><label><input type=\"radio\" name=\"first-question\" value=\"1 (foarte pu\u021bin)\" \/><span class=\"wpcf7-list-item-label\">1 (foarte pu\u021bin)<\/span><\/label><\/span><span class=\"wpcf7-list-item\"><label><input type=\"radio\" name=\"first-question\" value=\"2\" \/><span class=\"wpcf7-list-item-label\">2<\/span><\/label><\/span><span class=\"wpcf7-list-item\"><label><input type=\"radio\" name=\"first-question\" value=\"3\" \/><span class=\"wpcf7-list-item-label\">3<\/span><\/label><\/span><span class=\"wpcf7-list-item\"><label><input type=\"radio\" name=\"first-question\" value=\"4\" \/><span class=\"wpcf7-list-item-label\">4<\/span><\/label><\/span><span class=\"wpcf7-list-item last\"><label><input type=\"radio\" name=\"first-question\" value=\"5 (foarte mult)\" \/><span class=\"wpcf7-list-item-label\">5 (foarte mult)<\/span><\/label><\/span><\/span><\/span>\n\n<label class=\"secondevaluation\"> C\u00e2t de mul\u021bumit sunte\u021bi \u00een general de utilizarea hub-ului de e-learning CGG?<\/label>\n\n<span class=\"wpcf7-form-control-wrap\" data-name=\"second-question\"><span class=\"wpcf7-form-control wpcf7-radio\"><span class=\"wpcf7-list-item first\"><label><input type=\"radio\" name=\"second-question\" value=\"1 (foarte pu\u021bin)\" \/><span class=\"wpcf7-list-item-label\">1 (foarte pu\u021bin)<\/span><\/label><\/span><span class=\"wpcf7-list-item\"><label><input type=\"radio\" name=\"second-question\" value=\"2\" \/><span class=\"wpcf7-list-item-label\">2<\/span><\/label><\/span><span class=\"wpcf7-list-item\"><label><input type=\"radio\" name=\"second-question\" value=\"3\" \/><span class=\"wpcf7-list-item-label\">3<\/span><\/label><\/span><span class=\"wpcf7-list-item\"><label><input type=\"radio\" name=\"second-question\" value=\"4\" \/><span class=\"wpcf7-list-item-label\">4<\/span><\/label><\/span><span class=\"wpcf7-list-item last\"><label><input type=\"radio\" name=\"second-question\" value=\"5 (foarte mult)\" \/><span class=\"wpcf7-list-item-label\">5 (foarte mult)<\/span><\/label><\/span><\/span><\/span>\n\n\n<input class=\"wpcf7-form-control wpcf7-submit has-spinner\" type=\"submit\" value=\"Urm\u0103torul\" \/><p style=\"display: none !important;\" class=\"akismet-fields-container\" data-prefix=\"_wpcf7_ak_\"><label>&#916;<textarea name=\"_wpcf7_ak_hp_textarea\" cols=\"45\" rows=\"8\" maxlength=\"100\"><\/textarea><\/label><input type=\"hidden\" id=\"ak_js_1\" name=\"_wpcf7_ak_js\" value=\"12\"\/><script>document.getElementById( \"ak_js_1\" ).setAttribute( \"value\", ( new Date() ).getTime() );<\/script><\/p><div class=\"wpcf7-response-output\" aria-hidden=\"true\"><\/div>\n<\/form>\n<\/div>\n<\/div>\n\t\t\t\t<\/div>\n\t\t\t\t<\/div>\n\t\t\t\t\t<\/div>\n\t\t<\/div>\n\t\t\t\t\t<\/div>\n\t\t<\/section>\n\t\t\t\t<\/div>\n\t\t","protected":false},"excerpt":{"rendered":"<p>V\u0103 mul\u021bumim pentru finalizarea cursului de formare Couriers Go Green! \u00cenainte de a trece la paginile de certificare, v-am fi foarte recunosc\u0103tori pentru feedback-ul dumneavoastr\u0103 referitor la experien\u021ba de \u00eenv\u0103\u021bare. Contribu\u021bia dumneavoastr\u0103 este de nepre\u021buit pentru noi, deoarece ne ajut\u0103 s\u0103 \u00eembun\u0103t\u0103\u021bim continuu materialele de formare \u0219i platforma noastr\u0103. V\u0103 rug\u0103m s\u0103 v\u0103 aloca\u021bi un moment pentru a r\u0103spunde la urm\u0103toarele dou\u0103 \u00eentreb\u0103ri. R\u0103spunsurile dumneavoastr\u0103 vor fi stocate anonim \u0219i vor fi folosite exclusiv \u00een scopuri statistice.<\/p>\n","protected":false},"author":2,"featured_media":0,"parent":0,"menu_order":0,"comment_status":"closed","ping_status":"closed","template":"","meta":{"_bbp_topic_count":0,"_bbp_reply_count":0,"_bbp_total_topic_count":0,"_bbp_total_reply_count":0,"_bbp_voice_count":0,"_bbp_anonymous_reply_count":0,"_bbp_topic_count_hidden":0,"_bbp_reply_count_hidden":0,"_bbp_forum_subforum_count":0,"_exactmetrics_skip_tracking":false,"_exactmetrics_sitenote_active":false,"_exactmetrics_sitenote_note":"","_exactmetrics_sitenote_category":0,"site-sidebar-layout":"no-sidebar","site-content-layout":"page-builder","ast-site-content-layout":"full-width-container","site-content-style":"default","site-sidebar-style":"default","ast-global-header-display":"","ast-banner-title-visibility":"","ast-main-header-display":"","ast-hfb-above-header-display":"","ast-hfb-below-header-display":"","ast-hfb-mobile-header-display":"","site-post-title":"disabled","ast-breadcrumbs-content":"","ast-featured-img":"disabled","footer-sml-layout":"","theme-transparent-header-meta":"default","adv-header-id-meta":"","stick-header-meta":"","header-above-stick-meta":"","header-main-stick-meta":"","header-below-stick-meta":"","astra-migrate-meta-layouts":"set","ast-page-background-enabled":"default","ast-page-background-meta":{"desktop":{"background-color":"var(--ast-global-color-4)","background-image":"","background-repeat":"repeat","background-position":"center center","background-size":"auto","background-attachment":"scroll","background-type":"","background-media":"","overlay-type":"","overlay-color":"","overlay-opacity":"","overlay-gradient":""},"tablet":{"background-color":"","background-image":"","background-repeat":"repeat","background-position":"center center","background-size":"auto","background-attachment":"scroll","background-type":"","background-media":"","overlay-type":"","overlay-color":"","overlay-opacity":"","overlay-gradient":""},"mobile":{"background-color":"","background-image":"","background-repeat":"repeat","background-position":"center center","background-size":"auto","background-attachment":"scroll","background-type":"","background-media":"","overlay-type":"","overlay-color":"","overlay-opacity":"","overlay-gradient":""}},"ast-content-background-meta":{"desktop":{"background-color":"var(--ast-global-color-5)","background-image":"","background-repeat":"repeat","background-position":"center center","background-size":"auto","background-attachment":"scroll","background-type":"","background-media":"","overlay-type":"","overlay-color":"","overlay-opacity":"","overlay-gradient":""},"tablet":{"background-color":"var(--ast-global-color-5)","background-image":"","background-repeat":"repeat","background-position":"center center","background-size":"auto","background-attachment":"scroll","background-type":"","background-media":"","overlay-type":"","overlay-color":"","overlay-opacity":"","overlay-gradient":""},"mobile":{"background-color":"var(--ast-global-color-5)","background-image":"","background-repeat":"repeat","background-position":"center center","background-size":"auto","background-attachment":"scroll","background-type":"","background-media":"","overlay-type":"","overlay-color":"","overlay-opacity":"","overlay-gradient":""}},"footnotes":""},"class_list":["post-4704","page","type-page","status-publish","hentry"],"yoast_head":"<!-- This site is optimized with the Yoast SEO plugin v23.9 - https:\/\/yoast.com\/wordpress\/plugins\/seo\/ -->\n<title>Evaluation page - Scheme 1 - RO - Couriers Go Green<\/title>\n<meta name=\"robots\" content=\"index, follow, max-snippet:-1, max-image-preview:large, max-video-preview:-1\" \/>\n<link rel=\"canonical\" href=\"https:\/\/www.green-courier.eu\/index.php\/ro\/evaluation-page-scheme-1-ro\/\" \/>\n<meta property=\"og:locale\" content=\"en_US\" \/>\n<meta property=\"og:type\" content=\"article\" \/>\n<meta property=\"og:title\" content=\"Evaluation page - Scheme 1 - RO - Couriers Go Green\" \/>\n<meta property=\"og:description\" content=\"V\u0103 mul\u021bumim pentru finalizarea cursului de formare Couriers Go Green! \u00cenainte de a trece la paginile de certificare, v-am fi foarte recunosc\u0103tori pentru feedback-ul dumneavoastr\u0103 referitor la experien\u021ba de \u00eenv\u0103\u021bare. Contribu\u021bia dumneavoastr\u0103 este de nepre\u021buit pentru noi, deoarece ne ajut\u0103 s\u0103 \u00eembun\u0103t\u0103\u021bim continuu materialele de formare \u0219i platforma noastr\u0103. V\u0103 rug\u0103m s\u0103 v\u0103 aloca\u021bi un moment pentru a r\u0103spunde la urm\u0103toarele dou\u0103 \u00eentreb\u0103ri. R\u0103spunsurile dumneavoastr\u0103 vor fi stocate anonim \u0219i vor fi folosite exclusiv \u00een scopuri statistice.\" \/>\n<meta property=\"og:url\" content=\"https:\/\/www.green-courier.eu\/index.php\/ro\/evaluation-page-scheme-1-ro\/\" \/>\n<meta property=\"og:site_name\" content=\"Couriers Go Green\" \/>\n<meta property=\"article:modified_time\" content=\"2024-12-25T19:58:53+00:00\" \/>\n<meta name=\"twitter:card\" content=\"summary_large_image\" \/>\n<meta name=\"twitter:label1\" content=\"Est. reading time\" \/>\n\t<meta name=\"twitter:data1\" content=\"1 minute\" \/>\n<script type=\"application\/ld+json\" class=\"yoast-schema-graph\">{\"@context\":\"https:\/\/schema.org\",\"@graph\":[{\"@type\":\"WebPage\",\"@id\":\"https:\/\/www.green-courier.eu\/index.php\/ro\/evaluation-page-scheme-1-ro\/\",\"url\":\"https:\/\/www.green-courier.eu\/index.php\/ro\/evaluation-page-scheme-1-ro\/\",\"name\":\"Evaluation page - Scheme 1 - RO - Couriers Go Green\",\"isPartOf\":{\"@id\":\"https:\/\/www.green-courier.eu\/#website\"},\"datePublished\":\"2024-12-25T19:57:56+00:00\",\"dateModified\":\"2024-12-25T19:58:53+00:00\",\"breadcrumb\":{\"@id\":\"https:\/\/www.green-courier.eu\/index.php\/ro\/evaluation-page-scheme-1-ro\/#breadcrumb\"},\"inLanguage\":\"en-US\",\"potentialAction\":[{\"@type\":\"ReadAction\",\"target\":[\"https:\/\/www.green-courier.eu\/index.php\/ro\/evaluation-page-scheme-1-ro\/\"]}]},{\"@type\":\"BreadcrumbList\",\"@id\":\"https:\/\/www.green-courier.eu\/index.php\/ro\/evaluation-page-scheme-1-ro\/#breadcrumb\",\"itemListElement\":[{\"@type\":\"ListItem\",\"position\":1,\"name\":\"Home\",\"item\":\"https:\/\/www.green-courier.eu\/\"},{\"@type\":\"ListItem\",\"position\":2,\"name\":\"Evaluation page &#8211; Scheme 1 &#8211; RO\"}]},{\"@type\":\"WebSite\",\"@id\":\"https:\/\/www.green-courier.eu\/#website\",\"url\":\"https:\/\/www.green-courier.eu\/\",\"name\":\"Couriers Go Green\",\"description\":\"\",\"publisher\":{\"@id\":\"https:\/\/www.green-courier.eu\/#organization\"},\"potentialAction\":[{\"@type\":\"SearchAction\",\"target\":{\"@type\":\"EntryPoint\",\"urlTemplate\":\"https:\/\/www.green-courier.eu\/?s={search_term_string}\"},\"query-input\":{\"@type\":\"PropertyValueSpecification\",\"valueRequired\":true,\"valueName\":\"search_term_string\"}}],\"inLanguage\":\"en-US\"},{\"@type\":\"Organization\",\"@id\":\"https:\/\/www.green-courier.eu\/#organization\",\"name\":\"Couriers Go Green\",\"url\":\"https:\/\/www.green-courier.eu\/\",\"logo\":{\"@type\":\"ImageObject\",\"inLanguage\":\"en-US\",\"@id\":\"https:\/\/www.green-courier.eu\/#\/schema\/logo\/image\/\",\"url\":\"https:\/\/www.green-courier.eu\/wp-content\/uploads\/2023\/04\/cropped-logo_figma-e1690213555393.png\",\"contentUrl\":\"https:\/\/www.green-courier.eu\/wp-content\/uploads\/2023\/04\/cropped-logo_figma-e1690213555393.png\",\"width\":139,\"height\":130,\"caption\":\"Couriers Go Green\"},\"image\":{\"@id\":\"https:\/\/www.green-courier.eu\/#\/schema\/logo\/image\/\"}}]}<\/script>\n<!-- \/ Yoast SEO plugin. -->","yoast_head_json":{"title":"Evaluation page - Scheme 1 - RO - Couriers Go Green","robots":{"index":"index","follow":"follow","max-snippet":"max-snippet:-1","max-image-preview":"max-image-preview:large","max-video-preview":"max-video-preview:-1"},"canonical":"https:\/\/www.green-courier.eu\/index.php\/ro\/evaluation-page-scheme-1-ro\/","og_locale":"en_US","og_type":"article","og_title":"Evaluation page - Scheme 1 - RO - Couriers Go Green","og_description":"V\u0103 mul\u021bumim pentru finalizarea cursului de formare Couriers Go Green! \u00cenainte de a trece la paginile de certificare, v-am fi foarte recunosc\u0103tori pentru feedback-ul dumneavoastr\u0103 referitor la experien\u021ba de \u00eenv\u0103\u021bare. Contribu\u021bia dumneavoastr\u0103 este de nepre\u021buit pentru noi, deoarece ne ajut\u0103 s\u0103 \u00eembun\u0103t\u0103\u021bim continuu materialele de formare \u0219i platforma noastr\u0103. V\u0103 rug\u0103m s\u0103 v\u0103 aloca\u021bi un moment pentru a r\u0103spunde la urm\u0103toarele dou\u0103 \u00eentreb\u0103ri. R\u0103spunsurile dumneavoastr\u0103 vor fi stocate anonim \u0219i vor fi folosite exclusiv \u00een scopuri statistice.","og_url":"https:\/\/www.green-courier.eu\/index.php\/ro\/evaluation-page-scheme-1-ro\/","og_site_name":"Couriers Go Green","article_modified_time":"2024-12-25T19:58:53+00:00","twitter_card":"summary_large_image","twitter_misc":{"Est. reading time":"1 minute"},"schema":{"@context":"https:\/\/schema.org","@graph":[{"@type":"WebPage","@id":"https:\/\/www.green-courier.eu\/index.php\/ro\/evaluation-page-scheme-1-ro\/","url":"https:\/\/www.green-courier.eu\/index.php\/ro\/evaluation-page-scheme-1-ro\/","name":"Evaluation page - Scheme 1 - RO - Couriers Go Green","isPartOf":{"@id":"https:\/\/www.green-courier.eu\/#website"},"datePublished":"2024-12-25T19:57:56+00:00","dateModified":"2024-12-25T19:58:53+00:00","breadcrumb":{"@id":"https:\/\/www.green-courier.eu\/index.php\/ro\/evaluation-page-scheme-1-ro\/#breadcrumb"},"inLanguage":"en-US","potentialAction":[{"@type":"ReadAction","target":["https:\/\/www.green-courier.eu\/index.php\/ro\/evaluation-page-scheme-1-ro\/"]}]},{"@type":"BreadcrumbList","@id":"https:\/\/www.green-courier.eu\/index.php\/ro\/evaluation-page-scheme-1-ro\/#breadcrumb","itemListElement":[{"@type":"ListItem","position":1,"name":"Home","item":"https:\/\/www.green-courier.eu\/"},{"@type":"ListItem","position":2,"name":"Evaluation page &#8211; Scheme 1 &#8211; RO"}]},{"@type":"WebSite","@id":"https:\/\/www.green-courier.eu\/#website","url":"https:\/\/www.green-courier.eu\/","name":"Couriers Go Green","description":"","publisher":{"@id":"https:\/\/www.green-courier.eu\/#organization"},"potentialAction":[{"@type":"SearchAction","target":{"@type":"EntryPoint","urlTemplate":"https:\/\/www.green-courier.eu\/?s={search_term_string}"},"query-input":{"@type":"PropertyValueSpecification","valueRequired":true,"valueName":"search_term_string"}}],"inLanguage":"en-US"},{"@type":"Organization","@id":"https:\/\/www.green-courier.eu\/#organization","name":"Couriers Go Green","url":"https:\/\/www.green-courier.eu\/","logo":{"@type":"ImageObject","inLanguage":"en-US","@id":"https:\/\/www.green-courier.eu\/#\/schema\/logo\/image\/","url":"https:\/\/www.green-courier.eu\/wp-content\/uploads\/2023\/04\/cropped-logo_figma-e1690213555393.png","contentUrl":"https:\/\/www.green-courier.eu\/wp-content\/uploads\/2023\/04\/cropped-logo_figma-e1690213555393.png","width":139,"height":130,"caption":"Couriers Go Green"},"image":{"@id":"https:\/\/www.green-courier.eu\/#\/schema\/logo\/image\/"}}]}},"_links":{"self":[{"href":"https:\/\/www.green-courier.eu\/index.php\/wp-json\/wp\/v2\/pages\/4704","targetHints":{"allow":["GET"]}}],"collection":[{"href":"https:\/\/www.green-courier.eu\/index.php\/wp-json\/wp\/v2\/pages"}],"about":[{"href":"https:\/\/www.green-courier.eu\/index.php\/wp-json\/wp\/v2\/types\/page"}],"author":[{"embeddable":true,"href":"https:\/\/www.green-courier.eu\/index.php\/wp-json\/wp\/v2\/users\/2"}],"replies":[{"embeddable":true,"href":"https:\/\/www.green-courier.eu\/index.php\/wp-json\/wp\/v2\/comments?post=4704"}],"version-history":[{"count":4,"href":"https:\/\/www.green-courier.eu\/index.php\/wp-json\/wp\/v2\/pages\/4704\/revisions"}],"predecessor-version":[{"id":4708,"href":"https:\/\/www.green-courier.eu\/index.php\/wp-json\/wp\/v2\/pages\/4704\/revisions\/4708"}],"wp:attachment":[{"href":"https:\/\/www.green-courier.eu\/index.php\/wp-json\/wp\/v2\/media?parent=4704"}],"curies":[{"name":"wp","href":"https:\/\/api.w.org\/{rel}","templated":true}]}}