{"id":3120,"date":"2024-08-23T12:26:06","date_gmt":"2024-08-23T12:26:06","guid":{"rendered":"https:\/\/www.green-courier.eu\/?page_id=3120"},"modified":"2025-01-08T19:33:10","modified_gmt":"2025-01-08T19:33:10","slug":"measure-my-green-readiness-romanian","status":"publish","type":"page","link":"https:\/\/www.green-courier.eu\/index.php\/ro\/measure-my-green-readiness-romanian\/","title":{"rendered":"M\u0103soar\u0103 nivelul de sustenabilitate"},"content":{"rendered":"\t\t<div data-elementor-type=\"wp-page\" data-elementor-id=\"3120\" class=\"elementor elementor-3120\">\n\t\t\t\t\t\t<section class=\"elementor-section elementor-top-section elementor-element elementor-element-802eced elementor-section-boxed elementor-section-height-default elementor-section-height-default wpr-particle-no wpr-jarallax-no wpr-parallax-no wpr-sticky-section-no\" data-id=\"802eced\" data-element_type=\"section\" data-settings=\"{&quot;background_background&quot;:&quot;classic&quot;}\">\n\t\t\t\t\t\t\t<div class=\"elementor-background-overlay\"><\/div>\n\t\t\t\t\t\t\t<div class=\"elementor-container elementor-column-gap-default\">\n\t\t\t\t\t<div class=\"elementor-column elementor-col-100 elementor-top-column elementor-element elementor-element-6d567d4\" data-id=\"6d567d4\" data-element_type=\"column\">\n\t\t\t<div class=\"elementor-widget-wrap elementor-element-populated\">\n\t\t\t\t\t\t<div class=\"elementor-element elementor-element-a6cf989 elementor-widget elementor-widget-heading\" data-id=\"a6cf989\" data-element_type=\"widget\" data-widget_type=\"heading.default\">\n\t\t\t\t<div class=\"elementor-widget-container\">\n\t\t\t<h1 class=\"elementor-heading-title elementor-size-default\">M\u0103soar\u0103 nivelul de sustenabilitate<\/h1>\t\t<\/div>\n\t\t\t\t<\/div>\n\t\t\t\t<div class=\"elementor-element elementor-element-c81b900 elementor-view-default elementor-widget elementor-widget-icon\" data-id=\"c81b900\" data-element_type=\"widget\" data-widget_type=\"icon.default\">\n\t\t\t\t<div class=\"elementor-widget-container\">\n\t\t\t\t\t<div class=\"elementor-icon-wrapper\">\n\t\t\t<a class=\"elementor-icon\" href=\"#first\">\n\t\t\t<svg xmlns=\"http:\/\/www.w3.org\/2000\/svg\" xmlns:xlink=\"http:\/\/www.w3.org\/1999\/xlink\" id=\"Capa_1\" x=\"0px\" y=\"0px\" width=\"451.847px\" height=\"451.847px\" viewBox=\"0 0 451.847 451.847\" style=\"enable-background:new 0 0 451.847 451.847;\" xml:space=\"preserve\"><g>\t<path d=\"M225.923,354.706c-8.098,0-16.195-3.092-22.369-9.263L9.27,151.157c-12.359-12.359-12.359-32.397,0-44.751  c12.354-12.354,32.388-12.354,44.748,0l171.905,171.915l171.906-171.909c12.359-12.354,32.391-12.354,44.744,0  c12.365,12.354,12.365,32.392,0,44.751L248.292,345.449C242.115,351.621,234.018,354.706,225.923,354.706z\"><\/path><\/g><g><\/g><g><\/g><g><\/g><g><\/g><g><\/g><g><\/g><g><\/g><g><\/g><g><\/g><g><\/g><g><\/g><g><\/g><g><\/g><g><\/g><g><\/g><\/svg>\t\t\t<\/a>\n\t\t<\/div>\n\t\t\t\t<\/div>\n\t\t\t\t<\/div>\n\t\t\t\t\t<\/div>\n\t\t<\/div>\n\t\t\t\t\t<\/div>\n\t\t<\/section>\n\t\t\t\t<section class=\"elementor-section elementor-top-section elementor-element elementor-element-5f9c550 elementor-section-boxed elementor-section-height-default elementor-section-height-default wpr-particle-no wpr-jarallax-no wpr-parallax-no wpr-sticky-section-no\" data-id=\"5f9c550\" data-element_type=\"section\" id=\"first\">\n\t\t\t\t\t\t<div class=\"elementor-container elementor-column-gap-default\">\n\t\t\t\t\t<div class=\"elementor-column elementor-col-50 elementor-top-column elementor-element elementor-element-7c804f0 elementor-section-wrapper\" data-id=\"7c804f0\" data-element_type=\"column\">\n\t\t\t<div class=\"elementor-widget-wrap elementor-element-populated\">\n\t\t\t\t\t\t<div class=\"elementor-element elementor-element-aab8891 elementor-widget elementor-widget-text-editor\" data-id=\"aab8891\" data-element_type=\"widget\" data-widget_type=\"text-editor.default\">\n\t\t\t\t<div class=\"elementor-widget-container\">\n\t\t\t\t\t\t\t<p>V\u0103 prezent\u0103m instrumentul de autoevaluare \u201eMeasure nivelul de sustenabilitate\u201d &#8211; o solu\u021bie inovatoare care ofer\u0103 \u00eentreprinderilor posibilitatea de a-\u0219i m\u0103sura \u0219i \u00eembun\u0103t\u0103\u021bi impactul asupra mediului. Instrumentul nostru este conceput pentru a ajuta companiile s\u0103 \u00ee\u0219i evalueze amprenta de carbon, s\u0103 identifice domeniile de \u00eembun\u0103t\u0103\u021bire \u0219i s\u0103 implementeze m\u0103suri eficiente de reducere a emisiilor. Acesta este sus\u021binut de standarde recunoscute \u0219i ofer\u0103 o abordare u\u0219or de utilizat care promoveaz\u0103 raportarea transparent\u0103 \u0219i consecvent\u0103 a emisiilor de GES din logistic\u0103.<\/p>\t\t\t\t\t\t<\/div>\n\t\t\t\t<\/div>\n\t\t\t\t<div class=\"elementor-element elementor-element-d0d66be elementor-align-justify elementor-widget elementor-widget-button\" data-id=\"d0d66be\" data-element_type=\"widget\" data-widget_type=\"button.default\">\n\t\t\t\t<div class=\"elementor-widget-container\">\n\t\t\t\t\t\t\t<div class=\"elementor-button-wrapper\">\n\t\t\t\t\t<a class=\"elementor-button elementor-button-link elementor-size-sm\" href=\"https:\/\/measuregreenreadinesstoolv4-15082.bubbleapps.io\/version-test\/?lang=ro_ro\" target=\"_blank\">\n\t\t\t\t\t\t<span class=\"elementor-button-content-wrapper\">\n\t\t\t\t\t\t\t\t\t<span class=\"elementor-button-text\">Porni\u021bi M\u0103surarea nivelului de sustenabilitate<\/span>\n\t\t\t\t\t<\/span>\n\t\t\t\t\t<\/a>\n\t\t\t\t<\/div>\n\t\t\t\t\t\t<\/div>\n\t\t\t\t<\/div>\n\t\t\t\t<div class=\"elementor-element elementor-element-172f30e elementor-align-justify elementor-widget elementor-widget-button\" data-id=\"172f30e\" data-element_type=\"widget\" data-widget_type=\"button.default\">\n\t\t\t\t<div class=\"elementor-widget-container\">\n\t\t\t\t\t\t\t<div class=\"elementor-button-wrapper\">\n\t\t\t\t\t<a class=\"elementor-button elementor-button-link elementor-size-sm\" href=\"https:\/\/www.green-courier.eu\/wp-content\/uploads\/2025\/01\/FINAL_Manual-\u2013-Measure-my-Green-Readiness-tool-1.pdf\" target=\"_blank\">\n\t\t\t\t\t\t<span class=\"elementor-button-content-wrapper\">\n\t\t\t\t\t\t\t\t\t<span class=\"elementor-button-text\">Desc\u0103rca\u021bi manualul instrumentului<\/span>\n\t\t\t\t\t<\/span>\n\t\t\t\t\t<\/a>\n\t\t\t\t<\/div>\n\t\t\t\t\t\t<\/div>\n\t\t\t\t<\/div>\n\t\t\t\t\t<\/div>\n\t\t<\/div>\n\t\t\t\t<div class=\"elementor-column elementor-col-50 elementor-top-column elementor-element elementor-element-085f586 sticky-main\" data-id=\"085f586\" data-element_type=\"column\">\n\t\t\t<div class=\"elementor-widget-wrap elementor-element-populated\">\n\t\t\t\t\t\t<div class=\"elementor-element elementor-element-2f42b3b elementor-widget__width-initial elementor-widget elementor-widget-image\" data-id=\"2f42b3b\" data-element_type=\"widget\" data-widget_type=\"image.default\">\n\t\t\t\t<div class=\"elementor-widget-container\">\n\t\t\t\t\t\t\t\t\t\t\t\t\t<img fetchpriority=\"high\" decoding=\"async\" width=\"492\" height=\"530\" src=\"https:\/\/www.green-courier.eu\/wp-content\/uploads\/2024\/05\/Group-4.png\" class=\"attachment-large size-large wp-image-1693\" alt=\"\" srcset=\"https:\/\/www.green-courier.eu\/wp-content\/uploads\/2024\/05\/Group-4.png 492w, https:\/\/www.green-courier.eu\/wp-content\/uploads\/2024\/05\/Group-4-278x300.png 278w\" sizes=\"(max-width: 492px) 100vw, 492px\" \/>\t\t\t\t\t\t\t\t\t\t\t\t\t<\/div>\n\t\t\t\t<\/div>\n\t\t\t\t\t<\/div>\n\t\t<\/div>\n\t\t\t\t\t<\/div>\n\t\t<\/section>\n\t\t\t\t<\/div>\n\t\t","protected":false},"excerpt":{"rendered":"<p>M\u0103soar\u0103 nivelul de sustenabilitate V\u0103 prezent\u0103m instrumentul de autoevaluare \u201eMeasure nivelul de sustenabilitate\u201d &#8211; o solu\u021bie inovatoare care ofer\u0103 \u00eentreprinderilor posibilitatea de a-\u0219i m\u0103sura \u0219i \u00eembun\u0103t\u0103\u021bi impactul asupra mediului. Instrumentul nostru este conceput pentru a ajuta companiile s\u0103 \u00ee\u0219i evalueze amprenta de carbon, s\u0103 identifice domeniile de \u00eembun\u0103t\u0103\u021bire \u0219i s\u0103 implementeze m\u0103suri eficiente de reducere a emisiilor. Acesta este sus\u021binut de standarde recunoscute \u0219i ofer\u0103 o abordare u\u0219or de utilizat care promoveaz\u0103 raportarea transparent\u0103 \u0219i consecvent\u0103 a emisiilor de GES din logistic\u0103. Porni\u021bi M\u0103surarea nivelului de sustenabilitate Desc\u0103rca\u021bi manualul instrumentului<\/p>\n","protected":false},"author":2,"featured_media":0,"parent":0,"menu_order":0,"comment_status":"closed","ping_status":"closed","template":"","meta":{"_bbp_topic_count":0,"_bbp_reply_count":0,"_bbp_total_topic_count":0,"_bbp_total_reply_count":0,"_bbp_voice_count":0,"_bbp_anonymous_reply_count":0,"_bbp_topic_count_hidden":0,"_bbp_reply_count_hidden":0,"_bbp_forum_subforum_count":0,"_exactmetrics_skip_tracking":false,"_exactmetrics_sitenote_active":false,"_exactmetrics_sitenote_note":"","_exactmetrics_sitenote_category":0,"site-sidebar-layout":"default","site-content-layout":"","ast-site-content-layout":"","site-content-style":"default","site-sidebar-style":"default","ast-global-header-display":"","ast-banner-title-visibility":"","ast-main-header-display":"","ast-hfb-above-header-display":"","ast-hfb-below-header-display":"","ast-hfb-mobile-header-display":"","site-post-title":"","ast-breadcrumbs-content":"","ast-featured-img":"","footer-sml-layout":"","theme-transparent-header-meta":"","adv-header-id-meta":"","stick-header-meta":"","header-above-stick-meta":"","header-main-stick-meta":"","header-below-stick-meta":"","astra-migrate-meta-layouts":"default","ast-page-background-enabled":"default","ast-page-background-meta":{"desktop":{"background-color":"var(--ast-global-color-4)","background-image":"","background-repeat":"repeat","background-position":"center center","background-size":"auto","background-attachment":"scroll","background-type":"","background-media":"","overlay-type":"","overlay-color":"","overlay-opacity":"","overlay-gradient":""},"tablet":{"background-color":"","background-image":"","background-repeat":"repeat","background-position":"center center","background-size":"auto","background-attachment":"scroll","background-type":"","background-media":"","overlay-type":"","overlay-color":"","overlay-opacity":"","overlay-gradient":""},"mobile":{"background-color":"","background-image":"","background-repeat":"repeat","background-position":"center center","background-size":"auto","background-attachment":"scroll","background-type":"","background-media":"","overlay-type":"","overlay-color":"","overlay-opacity":"","overlay-gradient":""}},"ast-content-background-meta":{"desktop":{"background-color":"var(--ast-global-color-5)","background-image":"","background-repeat":"repeat","background-position":"center center","background-size":"auto","background-attachment":"scroll","background-type":"","background-media":"","overlay-type":"","overlay-color":"","overlay-opacity":"","overlay-gradient":""},"tablet":{"background-color":"var(--ast-global-color-5)","background-image":"","background-repeat":"repeat","background-position":"center center","background-size":"auto","background-attachment":"scroll","background-type":"","background-media":"","overlay-type":"","overlay-color":"","overlay-opacity":"","overlay-gradient":""},"mobile":{"background-color":"var(--ast-global-color-5)","background-image":"","background-repeat":"repeat","background-position":"center center","background-size":"auto","background-attachment":"scroll","background-type":"","background-media":"","overlay-type":"","overlay-color":"","overlay-opacity":"","overlay-gradient":""}},"footnotes":""},"class_list":["post-3120","page","type-page","status-publish","hentry"],"yoast_head":"<!-- This site is optimized with the Yoast SEO plugin v23.9 - https:\/\/yoast.com\/wordpress\/plugins\/seo\/ -->\n<title>M\u0103soar\u0103 nivelul de sustenabilitate - Couriers Go Green<\/title>\n<meta name=\"robots\" content=\"index, follow, max-snippet:-1, max-image-preview:large, max-video-preview:-1\" \/>\n<link rel=\"canonical\" href=\"https:\/\/www.green-courier.eu\/index.php\/ro\/measure-my-green-readiness-romanian\/\" \/>\n<meta property=\"og:locale\" content=\"en_US\" \/>\n<meta property=\"og:type\" content=\"article\" \/>\n<meta property=\"og:title\" content=\"M\u0103soar\u0103 nivelul de sustenabilitate - Couriers Go Green\" \/>\n<meta property=\"og:description\" content=\"M\u0103soar\u0103 nivelul de sustenabilitate V\u0103 prezent\u0103m instrumentul de autoevaluare \u201eMeasure nivelul de sustenabilitate\u201d &#8211; o solu\u021bie inovatoare care ofer\u0103 \u00eentreprinderilor posibilitatea de a-\u0219i m\u0103sura \u0219i \u00eembun\u0103t\u0103\u021bi impactul asupra mediului. Instrumentul nostru este conceput pentru a ajuta companiile s\u0103 \u00ee\u0219i evalueze amprenta de carbon, s\u0103 identifice domeniile de \u00eembun\u0103t\u0103\u021bire \u0219i s\u0103 implementeze m\u0103suri eficiente de reducere a emisiilor. Acesta este sus\u021binut de standarde recunoscute \u0219i ofer\u0103 o abordare u\u0219or de utilizat care promoveaz\u0103 raportarea transparent\u0103 \u0219i consecvent\u0103 a emisiilor de GES din logistic\u0103. Porni\u021bi M\u0103surarea nivelului de sustenabilitate Desc\u0103rca\u021bi manualul instrumentului\" \/>\n<meta property=\"og:url\" content=\"https:\/\/www.green-courier.eu\/index.php\/ro\/measure-my-green-readiness-romanian\/\" \/>\n<meta property=\"og:site_name\" content=\"Couriers Go Green\" \/>\n<meta property=\"article:modified_time\" content=\"2025-01-08T19:33:10+00:00\" \/>\n<meta property=\"og:image\" content=\"https:\/\/www.green-courier.eu\/wp-content\/uploads\/2024\/05\/Group-4.png\" \/>\n\t<meta property=\"og:image:width\" content=\"492\" \/>\n\t<meta property=\"og:image:height\" content=\"530\" \/>\n\t<meta property=\"og:image:type\" content=\"image\/png\" \/>\n<meta name=\"twitter:card\" content=\"summary_large_image\" \/>\n<meta name=\"twitter:label1\" content=\"Est. reading time\" \/>\n\t<meta name=\"twitter:data1\" content=\"1 minute\" \/>\n<script type=\"application\/ld+json\" class=\"yoast-schema-graph\">{\"@context\":\"https:\/\/schema.org\",\"@graph\":[{\"@type\":\"WebPage\",\"@id\":\"https:\/\/www.green-courier.eu\/index.php\/ro\/measure-my-green-readiness-romanian\/\",\"url\":\"https:\/\/www.green-courier.eu\/index.php\/ro\/measure-my-green-readiness-romanian\/\",\"name\":\"M\u0103soar\u0103 nivelul de sustenabilitate - Couriers Go Green\",\"isPartOf\":{\"@id\":\"https:\/\/www.green-courier.eu\/#website\"},\"primaryImageOfPage\":{\"@id\":\"https:\/\/www.green-courier.eu\/index.php\/ro\/measure-my-green-readiness-romanian\/#primaryimage\"},\"image\":{\"@id\":\"https:\/\/www.green-courier.eu\/index.php\/ro\/measure-my-green-readiness-romanian\/#primaryimage\"},\"thumbnailUrl\":\"http:\/\/www.green-courier.eu\/wp-content\/uploads\/2024\/05\/Group-4.png\",\"datePublished\":\"2024-08-23T12:26:06+00:00\",\"dateModified\":\"2025-01-08T19:33:10+00:00\",\"breadcrumb\":{\"@id\":\"https:\/\/www.green-courier.eu\/index.php\/ro\/measure-my-green-readiness-romanian\/#breadcrumb\"},\"inLanguage\":\"en-US\",\"potentialAction\":[{\"@type\":\"ReadAction\",\"target\":[\"https:\/\/www.green-courier.eu\/index.php\/ro\/measure-my-green-readiness-romanian\/\"]}]},{\"@type\":\"ImageObject\",\"inLanguage\":\"en-US\",\"@id\":\"https:\/\/www.green-courier.eu\/index.php\/ro\/measure-my-green-readiness-romanian\/#primaryimage\",\"url\":\"https:\/\/www.green-courier.eu\/wp-content\/uploads\/2024\/05\/Group-4.png\",\"contentUrl\":\"https:\/\/www.green-courier.eu\/wp-content\/uploads\/2024\/05\/Group-4.png\",\"width\":492,\"height\":530},{\"@type\":\"BreadcrumbList\",\"@id\":\"https:\/\/www.green-courier.eu\/index.php\/ro\/measure-my-green-readiness-romanian\/#breadcrumb\",\"itemListElement\":[{\"@type\":\"ListItem\",\"position\":1,\"name\":\"Home\",\"item\":\"https:\/\/www.green-courier.eu\/\"},{\"@type\":\"ListItem\",\"position\":2,\"name\":\"M\u0103soar\u0103 nivelul de sustenabilitate\"}]},{\"@type\":\"WebSite\",\"@id\":\"https:\/\/www.green-courier.eu\/#website\",\"url\":\"https:\/\/www.green-courier.eu\/\",\"name\":\"Couriers Go Green\",\"description\":\"\",\"publisher\":{\"@id\":\"https:\/\/www.green-courier.eu\/#organization\"},\"potentialAction\":[{\"@type\":\"SearchAction\",\"target\":{\"@type\":\"EntryPoint\",\"urlTemplate\":\"https:\/\/www.green-courier.eu\/?s={search_term_string}\"},\"query-input\":{\"@type\":\"PropertyValueSpecification\",\"valueRequired\":true,\"valueName\":\"search_term_string\"}}],\"inLanguage\":\"en-US\"},{\"@type\":\"Organization\",\"@id\":\"https:\/\/www.green-courier.eu\/#organization\",\"name\":\"Couriers Go Green\",\"url\":\"https:\/\/www.green-courier.eu\/\",\"logo\":{\"@type\":\"ImageObject\",\"inLanguage\":\"en-US\",\"@id\":\"https:\/\/www.green-courier.eu\/#\/schema\/logo\/image\/\",\"url\":\"https:\/\/www.green-courier.eu\/wp-content\/uploads\/2023\/04\/cropped-logo_figma-e1690213555393.png\",\"contentUrl\":\"https:\/\/www.green-courier.eu\/wp-content\/uploads\/2023\/04\/cropped-logo_figma-e1690213555393.png\",\"width\":139,\"height\":130,\"caption\":\"Couriers Go Green\"},\"image\":{\"@id\":\"https:\/\/www.green-courier.eu\/#\/schema\/logo\/image\/\"}}]}<\/script>\n<!-- \/ Yoast SEO plugin. -->","yoast_head_json":{"title":"M\u0103soar\u0103 nivelul de sustenabilitate - Couriers Go Green","robots":{"index":"index","follow":"follow","max-snippet":"max-snippet:-1","max-image-preview":"max-image-preview:large","max-video-preview":"max-video-preview:-1"},"canonical":"https:\/\/www.green-courier.eu\/index.php\/ro\/measure-my-green-readiness-romanian\/","og_locale":"en_US","og_type":"article","og_title":"M\u0103soar\u0103 nivelul de sustenabilitate - Couriers Go Green","og_description":"M\u0103soar\u0103 nivelul de sustenabilitate V\u0103 prezent\u0103m instrumentul de autoevaluare \u201eMeasure nivelul de sustenabilitate\u201d &#8211; o solu\u021bie inovatoare care ofer\u0103 \u00eentreprinderilor posibilitatea de a-\u0219i m\u0103sura \u0219i \u00eembun\u0103t\u0103\u021bi impactul asupra mediului. Instrumentul nostru este conceput pentru a ajuta companiile s\u0103 \u00ee\u0219i evalueze amprenta de carbon, s\u0103 identifice domeniile de \u00eembun\u0103t\u0103\u021bire \u0219i s\u0103 implementeze m\u0103suri eficiente de reducere a emisiilor. Acesta este sus\u021binut de standarde recunoscute \u0219i ofer\u0103 o abordare u\u0219or de utilizat care promoveaz\u0103 raportarea transparent\u0103 \u0219i consecvent\u0103 a emisiilor de GES din logistic\u0103. Porni\u021bi M\u0103surarea nivelului de sustenabilitate Desc\u0103rca\u021bi manualul instrumentului","og_url":"https:\/\/www.green-courier.eu\/index.php\/ro\/measure-my-green-readiness-romanian\/","og_site_name":"Couriers Go Green","article_modified_time":"2025-01-08T19:33:10+00:00","og_image":[{"width":492,"height":530,"url":"https:\/\/www.green-courier.eu\/wp-content\/uploads\/2024\/05\/Group-4.png","type":"image\/png"}],"twitter_card":"summary_large_image","twitter_misc":{"Est. reading time":"1 minute"},"schema":{"@context":"https:\/\/schema.org","@graph":[{"@type":"WebPage","@id":"https:\/\/www.green-courier.eu\/index.php\/ro\/measure-my-green-readiness-romanian\/","url":"https:\/\/www.green-courier.eu\/index.php\/ro\/measure-my-green-readiness-romanian\/","name":"M\u0103soar\u0103 nivelul de sustenabilitate - Couriers Go Green","isPartOf":{"@id":"https:\/\/www.green-courier.eu\/#website"},"primaryImageOfPage":{"@id":"https:\/\/www.green-courier.eu\/index.php\/ro\/measure-my-green-readiness-romanian\/#primaryimage"},"image":{"@id":"https:\/\/www.green-courier.eu\/index.php\/ro\/measure-my-green-readiness-romanian\/#primaryimage"},"thumbnailUrl":"http:\/\/www.green-courier.eu\/wp-content\/uploads\/2024\/05\/Group-4.png","datePublished":"2024-08-23T12:26:06+00:00","dateModified":"2025-01-08T19:33:10+00:00","breadcrumb":{"@id":"https:\/\/www.green-courier.eu\/index.php\/ro\/measure-my-green-readiness-romanian\/#breadcrumb"},"inLanguage":"en-US","potentialAction":[{"@type":"ReadAction","target":["https:\/\/www.green-courier.eu\/index.php\/ro\/measure-my-green-readiness-romanian\/"]}]},{"@type":"ImageObject","inLanguage":"en-US","@id":"https:\/\/www.green-courier.eu\/index.php\/ro\/measure-my-green-readiness-romanian\/#primaryimage","url":"https:\/\/www.green-courier.eu\/wp-content\/uploads\/2024\/05\/Group-4.png","contentUrl":"https:\/\/www.green-courier.eu\/wp-content\/uploads\/2024\/05\/Group-4.png","width":492,"height":530},{"@type":"BreadcrumbList","@id":"https:\/\/www.green-courier.eu\/index.php\/ro\/measure-my-green-readiness-romanian\/#breadcrumb","itemListElement":[{"@type":"ListItem","position":1,"name":"Home","item":"https:\/\/www.green-courier.eu\/"},{"@type":"ListItem","position":2,"name":"M\u0103soar\u0103 nivelul de sustenabilitate"}]},{"@type":"WebSite","@id":"https:\/\/www.green-courier.eu\/#website","url":"https:\/\/www.green-courier.eu\/","name":"Couriers Go Green","description":"","publisher":{"@id":"https:\/\/www.green-courier.eu\/#organization"},"potentialAction":[{"@type":"SearchAction","target":{"@type":"EntryPoint","urlTemplate":"https:\/\/www.green-courier.eu\/?s={search_term_string}"},"query-input":{"@type":"PropertyValueSpecification","valueRequired":true,"valueName":"search_term_string"}}],"inLanguage":"en-US"},{"@type":"Organization","@id":"https:\/\/www.green-courier.eu\/#organization","name":"Couriers Go Green","url":"https:\/\/www.green-courier.eu\/","logo":{"@type":"ImageObject","inLanguage":"en-US","@id":"https:\/\/www.green-courier.eu\/#\/schema\/logo\/image\/","url":"https:\/\/www.green-courier.eu\/wp-content\/uploads\/2023\/04\/cropped-logo_figma-e1690213555393.png","contentUrl":"https:\/\/www.green-courier.eu\/wp-content\/uploads\/2023\/04\/cropped-logo_figma-e1690213555393.png","width":139,"height":130,"caption":"Couriers Go Green"},"image":{"@id":"https:\/\/www.green-courier.eu\/#\/schema\/logo\/image\/"}}]}},"_links":{"self":[{"href":"https:\/\/www.green-courier.eu\/index.php\/wp-json\/wp\/v2\/pages\/3120","targetHints":{"allow":["GET"]}}],"collection":[{"href":"https:\/\/www.green-courier.eu\/index.php\/wp-json\/wp\/v2\/pages"}],"about":[{"href":"https:\/\/www.green-courier.eu\/index.php\/wp-json\/wp\/v2\/types\/page"}],"author":[{"embeddable":true,"href":"https:\/\/www.green-courier.eu\/index.php\/wp-json\/wp\/v2\/users\/2"}],"replies":[{"embeddable":true,"href":"https:\/\/www.green-courier.eu\/index.php\/wp-json\/wp\/v2\/comments?post=3120"}],"version-history":[{"count":16,"href":"https:\/\/www.green-courier.eu\/index.php\/wp-json\/wp\/v2\/pages\/3120\/revisions"}],"predecessor-version":[{"id":4811,"href":"https:\/\/www.green-courier.eu\/index.php\/wp-json\/wp\/v2\/pages\/3120\/revisions\/4811"}],"wp:attachment":[{"href":"https:\/\/www.green-courier.eu\/index.php\/wp-json\/wp\/v2\/media?parent=3120"}],"curies":[{"name":"wp","href":"https:\/\/api.w.org\/{rel}","templated":true}]}}