{"id":2731,"date":"2024-07-17T09:49:19","date_gmt":"2024-07-17T09:49:19","guid":{"rendered":"http:\/\/www.green-courier.eu\/?page_id=2731"},"modified":"2024-09-17T18:08:41","modified_gmt":"2024-09-17T18:08:41","slug":"about-us-3","status":"publish","type":"page","link":"https:\/\/www.green-courier.eu\/index.php\/ro\/about-us-3\/","title":{"rendered":"Despre Noi"},"content":{"rendered":"\t\t<div data-elementor-type=\"wp-page\" data-elementor-id=\"2731\" class=\"elementor elementor-2731\">\n\t\t\t\t\t\t<section class=\"elementor-section elementor-top-section elementor-element elementor-element-a2a0b45 elementor-section-height-full elementor-section-boxed elementor-section-height-default elementor-section-items-middle wpr-particle-no wpr-jarallax-no wpr-parallax-no wpr-sticky-section-no\" data-id=\"a2a0b45\" data-element_type=\"section\" data-settings=\"{&quot;background_background&quot;:&quot;classic&quot;}\">\n\t\t\t\t\t\t\t<div class=\"elementor-background-overlay\"><\/div>\n\t\t\t\t\t\t\t<div class=\"elementor-container elementor-column-gap-default\">\n\t\t\t\t\t<div class=\"elementor-column elementor-col-100 elementor-top-column elementor-element elementor-element-a5d1ce8\" data-id=\"a5d1ce8\" data-element_type=\"column\">\n\t\t\t<div class=\"elementor-widget-wrap elementor-element-populated\">\n\t\t\t\t\t\t<section class=\"elementor-section elementor-inner-section elementor-element elementor-element-c268698 elementor-section-boxed elementor-section-height-default elementor-section-height-default wpr-particle-no wpr-jarallax-no wpr-parallax-no wpr-sticky-section-no\" data-id=\"c268698\" data-element_type=\"section\" data-settings=\"{&quot;background_background&quot;:&quot;classic&quot;}\">\n\t\t\t\t\t\t<div class=\"elementor-container elementor-column-gap-default\">\n\t\t\t\t\t<div class=\"elementor-column elementor-col-50 elementor-inner-column elementor-element elementor-element-ef2f791\" data-id=\"ef2f791\" data-element_type=\"column\">\n\t\t\t<div class=\"elementor-widget-wrap elementor-element-populated\">\n\t\t\t\t\t\t<div class=\"elementor-element elementor-element-4ce854c elementor-widget elementor-widget-heading\" data-id=\"4ce854c\" data-element_type=\"widget\" data-widget_type=\"heading.default\">\n\t\t\t\t<div class=\"elementor-widget-container\">\n\t\t\t<h1 class=\"elementor-heading-title elementor-size-default\">DESPRE NOI<\/h1>\t\t<\/div>\n\t\t\t\t<\/div>\n\t\t\t\t\t<\/div>\n\t\t<\/div>\n\t\t\t\t<div class=\"elementor-column elementor-col-50 elementor-inner-column elementor-element elementor-element-c37545c\" data-id=\"c37545c\" data-element_type=\"column\" data-settings=\"{&quot;background_background&quot;:&quot;classic&quot;}\">\n\t\t\t<div class=\"elementor-widget-wrap elementor-element-populated\">\n\t\t\t\t\t\t<div class=\"elementor-element elementor-element-c2c9d43 elementor-widget__width-initial elementor-widget elementor-widget-image\" data-id=\"c2c9d43\" data-element_type=\"widget\" data-widget_type=\"image.default\">\n\t\t\t\t<div class=\"elementor-widget-container\">\n\t\t\t\t\t\t\t\t\t\t\t\t\t<img fetchpriority=\"high\" decoding=\"async\" width=\"680\" height=\"701\" src=\"https:\/\/www.green-courier.eu\/wp-content\/uploads\/2023\/07\/motorbike_decor.png\" class=\"attachment-large size-large wp-image-145\" alt=\"\" srcset=\"https:\/\/www.green-courier.eu\/wp-content\/uploads\/2023\/07\/motorbike_decor.png 680w, https:\/\/www.green-courier.eu\/wp-content\/uploads\/2023\/07\/motorbike_decor-291x300.png 291w\" sizes=\"(max-width: 680px) 100vw, 680px\" \/>\t\t\t\t\t\t\t\t\t\t\t\t\t<\/div>\n\t\t\t\t<\/div>\n\t\t\t\t\t<\/div>\n\t\t<\/div>\n\t\t\t\t\t<\/div>\n\t\t<\/section>\n\t\t\t\t<div class=\"elementor-element elementor-element-e540c5c elementor-view-default elementor-widget elementor-widget-icon\" data-id=\"e540c5c\" data-element_type=\"widget\" data-widget_type=\"icon.default\">\n\t\t\t\t<div class=\"elementor-widget-container\">\n\t\t\t\t\t<div class=\"elementor-icon-wrapper\">\n\t\t\t<a class=\"elementor-icon\" href=\"#about\">\n\t\t\t<svg xmlns=\"http:\/\/www.w3.org\/2000\/svg\" xmlns:xlink=\"http:\/\/www.w3.org\/1999\/xlink\" id=\"Capa_1\" x=\"0px\" y=\"0px\" width=\"451.847px\" height=\"451.847px\" viewBox=\"0 0 451.847 451.847\" style=\"enable-background:new 0 0 451.847 451.847;\" xml:space=\"preserve\"><g>\t<path d=\"M225.923,354.706c-8.098,0-16.195-3.092-22.369-9.263L9.27,151.157c-12.359-12.359-12.359-32.397,0-44.751  c12.354-12.354,32.388-12.354,44.748,0l171.905,171.915l171.906-171.909c12.359-12.354,32.391-12.354,44.744,0  c12.365,12.354,12.365,32.392,0,44.751L248.292,345.449C242.115,351.621,234.018,354.706,225.923,354.706z\"><\/path><\/g><g><\/g><g><\/g><g><\/g><g><\/g><g><\/g><g><\/g><g><\/g><g><\/g><g><\/g><g><\/g><g><\/g><g><\/g><g><\/g><g><\/g><g><\/g><\/svg>\t\t\t<\/a>\n\t\t<\/div>\n\t\t\t\t<\/div>\n\t\t\t\t<\/div>\n\t\t\t\t\t<\/div>\n\t\t<\/div>\n\t\t\t\t\t<\/div>\n\t\t<\/section>\n\t\t\t\t<section class=\"elementor-section elementor-top-section elementor-element elementor-element-0abbd1f elementor-section-boxed elementor-section-height-default elementor-section-height-default wpr-particle-no wpr-jarallax-no wpr-parallax-no wpr-sticky-section-no\" data-id=\"0abbd1f\" data-element_type=\"section\" id=\"about\" data-settings=\"{&quot;shape_divider_top&quot;:&quot;opacity-tilt&quot;}\">\n\t\t\t\t\t<div class=\"elementor-shape elementor-shape-top\" data-negative=\"false\">\n\t\t\t<svg xmlns=\"http:\/\/www.w3.org\/2000\/svg\" viewBox=\"0 0 2600 131.1\" preserveAspectRatio=\"none\">\n\t<path class=\"elementor-shape-fill\" d=\"M0 0L2600 0 2600 69.1 0 0z\"\/>\n\t<path class=\"elementor-shape-fill\" style=\"opacity:0.5\" d=\"M0 0L2600 0 2600 69.1 0 69.1z\"\/>\n\t<path class=\"elementor-shape-fill\" style=\"opacity:0.25\" d=\"M2600 0L0 0 0 130.1 2600 69.1z\"\/>\n<\/svg>\t\t<\/div>\n\t\t\t\t\t<div class=\"elementor-container elementor-column-gap-default\">\n\t\t\t\t\t<div class=\"elementor-column elementor-col-100 elementor-top-column elementor-element elementor-element-fe3d60f\" data-id=\"fe3d60f\" data-element_type=\"column\">\n\t\t\t<div class=\"elementor-widget-wrap elementor-element-populated\">\n\t\t\t\t\t\t<div class=\"elementor-element elementor-element-14fd908 elementor-widget elementor-widget-text-editor\" data-id=\"14fd908\" data-element_type=\"widget\" data-widget_type=\"text-editor.default\">\n\t\t\t\t<div class=\"elementor-widget-container\">\n\t\t\t\t\t\t\t<p>Industria transporturilor este responsabil\u0103 pentru un sfert din emisiile de gaze cu efect de ser\u0103, iar 95% din consumul s\u0103u de energie provine din combustibili fosili. Transportul de m\u0103rfuri \u0219i opera\u021biunile lan\u021bului de aprovizionare au un impact semnificativ asupra schimb\u0103rilor climatice \u0219i a polu\u0103rii aerului. Av\u00e2nd \u00een vedere cre\u0219terea livr\u0103rilor last mile, livr\u0103rile de comer\u021b electronic \u00een Uniunea European\u0103 au \u00eenregistrat o cre\u0219tere de 25% \u00een 2020 din cauza pandemiei, iar aceast\u0103 tendin\u021b\u0103 este de a\u0219teptat s\u0103 continue. Este important de remarcat faptul c\u0103 sectorul transporturilor ofer\u0103 peste 10 000 000 de locuri de munc\u0103 (4,5% din totalul for\u021bei de munc\u0103) \u0219i reprezint\u0103 4,6% din produsul intern brut (PIB) al UE. Pentru a asigura o dezvoltare socio-economic\u0103 durabil\u0103, respect\u00e2nd \u00een acela\u0219i timp limitele planetei, este esen\u021bial ca sectorul de curierat \u0219i transport s\u0103 treac\u0103 la opera\u021biuni mai ecologice.<\/p><p>Ini\u021biativa &#8220;Couriers Go Green&#8221; vizeaz\u0103 elaborarea unui plan, inclusiv a unui sistem de formare \u0219i certificare, care va permite organiza\u021biilor vizate \u0219i personalului acestora s\u0103 \u00ee\u0219i \u00eembun\u0103t\u0103\u021beasc\u0103 \u00een mod durabil impactul asupra mediului, prin dotarea acestora cu competen\u021bele \u0219i motiva\u021bia necesare.<\/p><p>Uniunea European\u0103 depune eforturi semnificative pentru a promova tranzi\u021bia ecologic\u0103 a sectorului transporturilor \u0219i pentru a pune \u00een aplicare practici durabile de logistic\u0103 \u0219i de gestionare a lan\u021bului de aprovizionare, inclusiv livr\u0103rile urbane \u0219i transportul pe ultimul kilometru.<\/p>\t\t\t\t\t\t<\/div>\n\t\t\t\t<\/div>\n\t\t\t\t\t<\/div>\n\t\t<\/div>\n\t\t\t\t\t<\/div>\n\t\t<\/section>\n\t\t\t\t<\/div>\n\t\t","protected":false},"excerpt":{"rendered":"<p>DESPRE NOI Industria transporturilor este responsabil\u0103 pentru un sfert din emisiile de gaze cu efect de ser\u0103, iar 95% din consumul s\u0103u de energie provine din combustibili fosili. Transportul de m\u0103rfuri \u0219i opera\u021biunile lan\u021bului de aprovizionare au un impact semnificativ asupra schimb\u0103rilor climatice \u0219i a polu\u0103rii aerului. Av\u00e2nd \u00een vedere cre\u0219terea livr\u0103rilor last mile, livr\u0103rile de comer\u021b electronic \u00een Uniunea European\u0103 au \u00eenregistrat o cre\u0219tere de 25% \u00een 2020 din cauza pandemiei, iar aceast\u0103 tendin\u021b\u0103 este de a\u0219teptat s\u0103 continue. Este important de remarcat faptul c\u0103 sectorul transporturilor ofer\u0103 peste 10 000 000 de locuri de munc\u0103 (4,5% din totalul for\u021bei de munc\u0103) \u0219i reprezint\u0103 4,6% din produsul intern brut (PIB) al UE. Pentru a asigura o dezvoltare socio-economic\u0103 durabil\u0103, respect\u00e2nd \u00een acela\u0219i timp limitele planetei, este esen\u021bial ca sectorul de curierat \u0219i transport s\u0103 treac\u0103 la opera\u021biuni mai ecologice. Ini\u021biativa &#8220;Couriers Go Green&#8221; vizeaz\u0103 elaborarea unui plan, inclusiv a unui sistem de formare \u0219i certificare, care va permite organiza\u021biilor vizate \u0219i personalului acestora s\u0103 \u00ee\u0219i \u00eembun\u0103t\u0103\u021beasc\u0103 \u00een mod durabil impactul asupra mediului, prin dotarea acestora cu competen\u021bele \u0219i motiva\u021bia necesare. Uniunea European\u0103 depune eforturi semnificative pentru a promova tranzi\u021bia ecologic\u0103 a sectorului transporturilor \u0219i pentru a pune \u00een aplicare practici durabile de logistic\u0103 \u0219i de gestionare a lan\u021bului de aprovizionare, inclusiv livr\u0103rile urbane \u0219i transportul pe ultimul kilometru.<\/p>\n","protected":false},"author":2,"featured_media":0,"parent":0,"menu_order":0,"comment_status":"closed","ping_status":"closed","template":"","meta":{"_bbp_topic_count":0,"_bbp_reply_count":0,"_bbp_total_topic_count":0,"_bbp_total_reply_count":0,"_bbp_voice_count":0,"_bbp_anonymous_reply_count":0,"_bbp_topic_count_hidden":0,"_bbp_reply_count_hidden":0,"_bbp_forum_subforum_count":0,"_exactmetrics_skip_tracking":false,"_exactmetrics_sitenote_active":false,"_exactmetrics_sitenote_note":"","_exactmetrics_sitenote_category":0,"site-sidebar-layout":"no-sidebar","site-content-layout":"page-builder","ast-site-content-layout":"","site-content-style":"default","site-sidebar-style":"default","ast-global-header-display":"","ast-banner-title-visibility":"","ast-main-header-display":"","ast-hfb-above-header-display":"","ast-hfb-below-header-display":"","ast-hfb-mobile-header-display":"","site-post-title":"disabled","ast-breadcrumbs-content":"","ast-featured-img":"disabled","footer-sml-layout":"","theme-transparent-header-meta":"","adv-header-id-meta":"","stick-header-meta":"","header-above-stick-meta":"","header-main-stick-meta":"","header-below-stick-meta":"","astra-migrate-meta-layouts":"default","ast-page-background-enabled":"default","ast-page-background-meta":{"desktop":{"background-color":"var(--ast-global-color-4)","background-image":"","background-repeat":"repeat","background-position":"center center","background-size":"auto","background-attachment":"scroll","background-type":"","background-media":"","overlay-type":"","overlay-color":"","overlay-opacity":"","overlay-gradient":""},"tablet":{"background-color":"","background-image":"","background-repeat":"repeat","background-position":"center center","background-size":"auto","background-attachment":"scroll","background-type":"","background-media":"","overlay-type":"","overlay-color":"","overlay-opacity":"","overlay-gradient":""},"mobile":{"background-color":"","background-image":"","background-repeat":"repeat","background-position":"center center","background-size":"auto","background-attachment":"scroll","background-type":"","background-media":"","overlay-type":"","overlay-color":"","overlay-opacity":"","overlay-gradient":""}},"ast-content-background-meta":{"desktop":{"background-color":"var(--ast-global-color-5)","background-image":"","background-repeat":"repeat","background-position":"center center","background-size":"auto","background-attachment":"scroll","background-type":"","background-media":"","overlay-type":"","overlay-color":"","overlay-opacity":"","overlay-gradient":""},"tablet":{"background-color":"var(--ast-global-color-5)","background-image":"","background-repeat":"repeat","background-position":"center center","background-size":"auto","background-attachment":"scroll","background-type":"","background-media":"","overlay-type":"","overlay-color":"","overlay-opacity":"","overlay-gradient":""},"mobile":{"background-color":"var(--ast-global-color-5)","background-image":"","background-repeat":"repeat","background-position":"center center","background-size":"auto","background-attachment":"scroll","background-type":"","background-media":"","overlay-type":"","overlay-color":"","overlay-opacity":"","overlay-gradient":""}},"footnotes":""},"class_list":["post-2731","page","type-page","status-publish","hentry"],"yoast_head":"<!-- This site is optimized with the Yoast SEO plugin v23.9 - https:\/\/yoast.com\/wordpress\/plugins\/seo\/ -->\n<title>Despre Noi - Couriers Go Green<\/title>\n<meta name=\"robots\" content=\"index, follow, max-snippet:-1, max-image-preview:large, max-video-preview:-1\" \/>\n<link rel=\"canonical\" href=\"https:\/\/www.green-courier.eu\/index.php\/ro\/about-us-3\/\" \/>\n<meta property=\"og:locale\" content=\"en_US\" \/>\n<meta property=\"og:type\" content=\"article\" \/>\n<meta property=\"og:title\" content=\"Despre Noi - Couriers Go Green\" \/>\n<meta property=\"og:description\" content=\"DESPRE NOI Industria transporturilor este responsabil\u0103 pentru un sfert din emisiile de gaze cu efect de ser\u0103, iar 95% din consumul s\u0103u de energie provine din combustibili fosili. Transportul de m\u0103rfuri \u0219i opera\u021biunile lan\u021bului de aprovizionare au un impact semnificativ asupra schimb\u0103rilor climatice \u0219i a polu\u0103rii aerului. Av\u00e2nd \u00een vedere cre\u0219terea livr\u0103rilor last mile, livr\u0103rile de comer\u021b electronic \u00een Uniunea European\u0103 au \u00eenregistrat o cre\u0219tere de 25% \u00een 2020 din cauza pandemiei, iar aceast\u0103 tendin\u021b\u0103 este de a\u0219teptat s\u0103 continue. Este important de remarcat faptul c\u0103 sectorul transporturilor ofer\u0103 peste 10 000 000 de locuri de munc\u0103 (4,5% din totalul for\u021bei de munc\u0103) \u0219i reprezint\u0103 4,6% din produsul intern brut (PIB) al UE. Pentru a asigura o dezvoltare socio-economic\u0103 durabil\u0103, respect\u00e2nd \u00een acela\u0219i timp limitele planetei, este esen\u021bial ca sectorul de curierat \u0219i transport s\u0103 treac\u0103 la opera\u021biuni mai ecologice. Ini\u021biativa &#8220;Couriers Go Green&#8221; vizeaz\u0103 elaborarea unui plan, inclusiv a unui sistem de formare \u0219i certificare, care va permite organiza\u021biilor vizate \u0219i personalului acestora s\u0103 \u00ee\u0219i \u00eembun\u0103t\u0103\u021beasc\u0103 \u00een mod durabil impactul asupra mediului, prin dotarea acestora cu competen\u021bele \u0219i motiva\u021bia necesare. Uniunea European\u0103 depune eforturi semnificative pentru a promova tranzi\u021bia ecologic\u0103 a sectorului transporturilor \u0219i pentru a pune \u00een aplicare practici durabile de logistic\u0103 \u0219i de gestionare a lan\u021bului de aprovizionare, inclusiv livr\u0103rile urbane \u0219i transportul pe ultimul kilometru.\" \/>\n<meta property=\"og:url\" content=\"https:\/\/www.green-courier.eu\/index.php\/ro\/about-us-3\/\" \/>\n<meta property=\"og:site_name\" content=\"Couriers Go Green\" \/>\n<meta property=\"article:modified_time\" content=\"2024-09-17T18:08:41+00:00\" \/>\n<meta property=\"og:image\" content=\"http:\/\/www.green-courier.eu\/wp-content\/uploads\/2023\/07\/motorbike_decor.png\" \/>\n<meta name=\"twitter:card\" content=\"summary_large_image\" \/>\n<meta name=\"twitter:label1\" content=\"Est. reading time\" \/>\n\t<meta name=\"twitter:data1\" content=\"2 minutes\" \/>\n<script type=\"application\/ld+json\" class=\"yoast-schema-graph\">{\"@context\":\"https:\/\/schema.org\",\"@graph\":[{\"@type\":\"WebPage\",\"@id\":\"https:\/\/www.green-courier.eu\/index.php\/ro\/about-us-3\/\",\"url\":\"https:\/\/www.green-courier.eu\/index.php\/ro\/about-us-3\/\",\"name\":\"Despre Noi - Couriers Go Green\",\"isPartOf\":{\"@id\":\"https:\/\/www.green-courier.eu\/#website\"},\"primaryImageOfPage\":{\"@id\":\"https:\/\/www.green-courier.eu\/index.php\/ro\/about-us-3\/#primaryimage\"},\"image\":{\"@id\":\"https:\/\/www.green-courier.eu\/index.php\/ro\/about-us-3\/#primaryimage\"},\"thumbnailUrl\":\"http:\/\/www.green-courier.eu\/wp-content\/uploads\/2023\/07\/motorbike_decor.png\",\"datePublished\":\"2024-07-17T09:49:19+00:00\",\"dateModified\":\"2024-09-17T18:08:41+00:00\",\"breadcrumb\":{\"@id\":\"https:\/\/www.green-courier.eu\/index.php\/ro\/about-us-3\/#breadcrumb\"},\"inLanguage\":\"en-US\",\"potentialAction\":[{\"@type\":\"ReadAction\",\"target\":[\"https:\/\/www.green-courier.eu\/index.php\/ro\/about-us-3\/\"]}]},{\"@type\":\"ImageObject\",\"inLanguage\":\"en-US\",\"@id\":\"https:\/\/www.green-courier.eu\/index.php\/ro\/about-us-3\/#primaryimage\",\"url\":\"https:\/\/www.green-courier.eu\/wp-content\/uploads\/2023\/07\/motorbike_decor.png\",\"contentUrl\":\"https:\/\/www.green-courier.eu\/wp-content\/uploads\/2023\/07\/motorbike_decor.png\",\"width\":680,\"height\":701},{\"@type\":\"BreadcrumbList\",\"@id\":\"https:\/\/www.green-courier.eu\/index.php\/ro\/about-us-3\/#breadcrumb\",\"itemListElement\":[{\"@type\":\"ListItem\",\"position\":1,\"name\":\"Home\",\"item\":\"https:\/\/www.green-courier.eu\/\"},{\"@type\":\"ListItem\",\"position\":2,\"name\":\"Despre Noi\"}]},{\"@type\":\"WebSite\",\"@id\":\"https:\/\/www.green-courier.eu\/#website\",\"url\":\"https:\/\/www.green-courier.eu\/\",\"name\":\"Couriers Go Green\",\"description\":\"\",\"publisher\":{\"@id\":\"https:\/\/www.green-courier.eu\/#organization\"},\"potentialAction\":[{\"@type\":\"SearchAction\",\"target\":{\"@type\":\"EntryPoint\",\"urlTemplate\":\"https:\/\/www.green-courier.eu\/?s={search_term_string}\"},\"query-input\":{\"@type\":\"PropertyValueSpecification\",\"valueRequired\":true,\"valueName\":\"search_term_string\"}}],\"inLanguage\":\"en-US\"},{\"@type\":\"Organization\",\"@id\":\"https:\/\/www.green-courier.eu\/#organization\",\"name\":\"Couriers Go Green\",\"url\":\"https:\/\/www.green-courier.eu\/\",\"logo\":{\"@type\":\"ImageObject\",\"inLanguage\":\"en-US\",\"@id\":\"https:\/\/www.green-courier.eu\/#\/schema\/logo\/image\/\",\"url\":\"https:\/\/www.green-courier.eu\/wp-content\/uploads\/2023\/04\/cropped-logo_figma-e1690213555393.png\",\"contentUrl\":\"https:\/\/www.green-courier.eu\/wp-content\/uploads\/2023\/04\/cropped-logo_figma-e1690213555393.png\",\"width\":139,\"height\":130,\"caption\":\"Couriers Go Green\"},\"image\":{\"@id\":\"https:\/\/www.green-courier.eu\/#\/schema\/logo\/image\/\"}}]}<\/script>\n<!-- \/ Yoast SEO plugin. -->","yoast_head_json":{"title":"Despre Noi - Couriers Go Green","robots":{"index":"index","follow":"follow","max-snippet":"max-snippet:-1","max-image-preview":"max-image-preview:large","max-video-preview":"max-video-preview:-1"},"canonical":"https:\/\/www.green-courier.eu\/index.php\/ro\/about-us-3\/","og_locale":"en_US","og_type":"article","og_title":"Despre Noi - Couriers Go Green","og_description":"DESPRE NOI Industria transporturilor este responsabil\u0103 pentru un sfert din emisiile de gaze cu efect de ser\u0103, iar 95% din consumul s\u0103u de energie provine din combustibili fosili. Transportul de m\u0103rfuri \u0219i opera\u021biunile lan\u021bului de aprovizionare au un impact semnificativ asupra schimb\u0103rilor climatice \u0219i a polu\u0103rii aerului. Av\u00e2nd \u00een vedere cre\u0219terea livr\u0103rilor last mile, livr\u0103rile de comer\u021b electronic \u00een Uniunea European\u0103 au \u00eenregistrat o cre\u0219tere de 25% \u00een 2020 din cauza pandemiei, iar aceast\u0103 tendin\u021b\u0103 este de a\u0219teptat s\u0103 continue. Este important de remarcat faptul c\u0103 sectorul transporturilor ofer\u0103 peste 10 000 000 de locuri de munc\u0103 (4,5% din totalul for\u021bei de munc\u0103) \u0219i reprezint\u0103 4,6% din produsul intern brut (PIB) al UE. Pentru a asigura o dezvoltare socio-economic\u0103 durabil\u0103, respect\u00e2nd \u00een acela\u0219i timp limitele planetei, este esen\u021bial ca sectorul de curierat \u0219i transport s\u0103 treac\u0103 la opera\u021biuni mai ecologice. Ini\u021biativa &#8220;Couriers Go Green&#8221; vizeaz\u0103 elaborarea unui plan, inclusiv a unui sistem de formare \u0219i certificare, care va permite organiza\u021biilor vizate \u0219i personalului acestora s\u0103 \u00ee\u0219i \u00eembun\u0103t\u0103\u021beasc\u0103 \u00een mod durabil impactul asupra mediului, prin dotarea acestora cu competen\u021bele \u0219i motiva\u021bia necesare. Uniunea European\u0103 depune eforturi semnificative pentru a promova tranzi\u021bia ecologic\u0103 a sectorului transporturilor \u0219i pentru a pune \u00een aplicare practici durabile de logistic\u0103 \u0219i de gestionare a lan\u021bului de aprovizionare, inclusiv livr\u0103rile urbane \u0219i transportul pe ultimul kilometru.","og_url":"https:\/\/www.green-courier.eu\/index.php\/ro\/about-us-3\/","og_site_name":"Couriers Go Green","article_modified_time":"2024-09-17T18:08:41+00:00","og_image":[{"url":"http:\/\/www.green-courier.eu\/wp-content\/uploads\/2023\/07\/motorbike_decor.png"}],"twitter_card":"summary_large_image","twitter_misc":{"Est. reading time":"2 minutes"},"schema":{"@context":"https:\/\/schema.org","@graph":[{"@type":"WebPage","@id":"https:\/\/www.green-courier.eu\/index.php\/ro\/about-us-3\/","url":"https:\/\/www.green-courier.eu\/index.php\/ro\/about-us-3\/","name":"Despre Noi - Couriers Go Green","isPartOf":{"@id":"https:\/\/www.green-courier.eu\/#website"},"primaryImageOfPage":{"@id":"https:\/\/www.green-courier.eu\/index.php\/ro\/about-us-3\/#primaryimage"},"image":{"@id":"https:\/\/www.green-courier.eu\/index.php\/ro\/about-us-3\/#primaryimage"},"thumbnailUrl":"http:\/\/www.green-courier.eu\/wp-content\/uploads\/2023\/07\/motorbike_decor.png","datePublished":"2024-07-17T09:49:19+00:00","dateModified":"2024-09-17T18:08:41+00:00","breadcrumb":{"@id":"https:\/\/www.green-courier.eu\/index.php\/ro\/about-us-3\/#breadcrumb"},"inLanguage":"en-US","potentialAction":[{"@type":"ReadAction","target":["https:\/\/www.green-courier.eu\/index.php\/ro\/about-us-3\/"]}]},{"@type":"ImageObject","inLanguage":"en-US","@id":"https:\/\/www.green-courier.eu\/index.php\/ro\/about-us-3\/#primaryimage","url":"https:\/\/www.green-courier.eu\/wp-content\/uploads\/2023\/07\/motorbike_decor.png","contentUrl":"https:\/\/www.green-courier.eu\/wp-content\/uploads\/2023\/07\/motorbike_decor.png","width":680,"height":701},{"@type":"BreadcrumbList","@id":"https:\/\/www.green-courier.eu\/index.php\/ro\/about-us-3\/#breadcrumb","itemListElement":[{"@type":"ListItem","position":1,"name":"Home","item":"https:\/\/www.green-courier.eu\/"},{"@type":"ListItem","position":2,"name":"Despre Noi"}]},{"@type":"WebSite","@id":"https:\/\/www.green-courier.eu\/#website","url":"https:\/\/www.green-courier.eu\/","name":"Couriers Go Green","description":"","publisher":{"@id":"https:\/\/www.green-courier.eu\/#organization"},"potentialAction":[{"@type":"SearchAction","target":{"@type":"EntryPoint","urlTemplate":"https:\/\/www.green-courier.eu\/?s={search_term_string}"},"query-input":{"@type":"PropertyValueSpecification","valueRequired":true,"valueName":"search_term_string"}}],"inLanguage":"en-US"},{"@type":"Organization","@id":"https:\/\/www.green-courier.eu\/#organization","name":"Couriers Go Green","url":"https:\/\/www.green-courier.eu\/","logo":{"@type":"ImageObject","inLanguage":"en-US","@id":"https:\/\/www.green-courier.eu\/#\/schema\/logo\/image\/","url":"https:\/\/www.green-courier.eu\/wp-content\/uploads\/2023\/04\/cropped-logo_figma-e1690213555393.png","contentUrl":"https:\/\/www.green-courier.eu\/wp-content\/uploads\/2023\/04\/cropped-logo_figma-e1690213555393.png","width":139,"height":130,"caption":"Couriers Go Green"},"image":{"@id":"https:\/\/www.green-courier.eu\/#\/schema\/logo\/image\/"}}]}},"_links":{"self":[{"href":"https:\/\/www.green-courier.eu\/index.php\/wp-json\/wp\/v2\/pages\/2731","targetHints":{"allow":["GET"]}}],"collection":[{"href":"https:\/\/www.green-courier.eu\/index.php\/wp-json\/wp\/v2\/pages"}],"about":[{"href":"https:\/\/www.green-courier.eu\/index.php\/wp-json\/wp\/v2\/types\/page"}],"author":[{"embeddable":true,"href":"https:\/\/www.green-courier.eu\/index.php\/wp-json\/wp\/v2\/users\/2"}],"replies":[{"embeddable":true,"href":"https:\/\/www.green-courier.eu\/index.php\/wp-json\/wp\/v2\/comments?post=2731"}],"version-history":[{"count":10,"href":"https:\/\/www.green-courier.eu\/index.php\/wp-json\/wp\/v2\/pages\/2731\/revisions"}],"predecessor-version":[{"id":3323,"href":"https:\/\/www.green-courier.eu\/index.php\/wp-json\/wp\/v2\/pages\/2731\/revisions\/3323"}],"wp:attachment":[{"href":"https:\/\/www.green-courier.eu\/index.php\/wp-json\/wp\/v2\/media?parent=2731"}],"curies":[{"name":"wp","href":"https:\/\/api.w.org\/{rel}","templated":true}]}}