{"id":2200,"date":"2024-06-12T22:42:00","date_gmt":"2024-06-12T22:42:00","guid":{"rendered":"https:\/\/www.green-courier.eu\/?page_id=2200"},"modified":"2024-09-17T18:12:38","modified_gmt":"2024-09-17T18:12:38","slug":"toolbox-4","status":"publish","type":"page","link":"https:\/\/www.green-courier.eu\/index.php\/ro\/toolbox-4\/","title":{"rendered":"ToolBox"},"content":{"rendered":"\t\t<div data-elementor-type=\"wp-page\" data-elementor-id=\"2200\" class=\"elementor elementor-2200\">\n\t\t\t\t\t\t<section class=\"elementor-section elementor-top-section elementor-element elementor-element-0d04b1d elementor-section-boxed elementor-section-height-default elementor-section-height-default wpr-particle-no wpr-jarallax-no wpr-parallax-no wpr-sticky-section-no\" data-id=\"0d04b1d\" data-element_type=\"section\" data-settings=\"{&quot;background_background&quot;:&quot;classic&quot;}\">\n\t\t\t\t\t\t\t<div class=\"elementor-background-overlay\"><\/div>\n\t\t\t\t\t\t\t<div class=\"elementor-container elementor-column-gap-default\">\n\t\t\t\t\t<div class=\"elementor-column elementor-col-100 elementor-top-column elementor-element elementor-element-1f43aff\" data-id=\"1f43aff\" data-element_type=\"column\">\n\t\t\t<div class=\"elementor-widget-wrap elementor-element-populated\">\n\t\t\t\t\t\t<div class=\"elementor-element elementor-element-1272520 elementor-widget elementor-widget-heading\" data-id=\"1272520\" data-element_type=\"widget\" data-widget_type=\"heading.default\">\n\t\t\t\t<div class=\"elementor-widget-container\">\n\t\t\t<h1 class=\"elementor-heading-title elementor-size-default\">TOOLBOX Planificare Strategic\u0103 de Sustenabilitate a Cadrului de lucru \n<\/h1>\t\t<\/div>\n\t\t\t\t<\/div>\n\t\t\t\t<div class=\"elementor-element elementor-element-1581083 elementor-view-default elementor-widget elementor-widget-icon\" data-id=\"1581083\" data-element_type=\"widget\" data-widget_type=\"icon.default\">\n\t\t\t\t<div class=\"elementor-widget-container\">\n\t\t\t\t\t<div class=\"elementor-icon-wrapper\">\n\t\t\t<a class=\"elementor-icon\" href=\"#first\">\n\t\t\t<svg xmlns=\"http:\/\/www.w3.org\/2000\/svg\" xmlns:xlink=\"http:\/\/www.w3.org\/1999\/xlink\" id=\"Capa_1\" x=\"0px\" y=\"0px\" width=\"451.847px\" height=\"451.847px\" viewBox=\"0 0 451.847 451.847\" style=\"enable-background:new 0 0 451.847 451.847;\" xml:space=\"preserve\"><g>\t<path d=\"M225.923,354.706c-8.098,0-16.195-3.092-22.369-9.263L9.27,151.157c-12.359-12.359-12.359-32.397,0-44.751  c12.354-12.354,32.388-12.354,44.748,0l171.905,171.915l171.906-171.909c12.359-12.354,32.391-12.354,44.744,0  c12.365,12.354,12.365,32.392,0,44.751L248.292,345.449C242.115,351.621,234.018,354.706,225.923,354.706z\"><\/path><\/g><g><\/g><g><\/g><g><\/g><g><\/g><g><\/g><g><\/g><g><\/g><g><\/g><g><\/g><g><\/g><g><\/g><g><\/g><g><\/g><g><\/g><g><\/g><\/svg>\t\t\t<\/a>\n\t\t<\/div>\n\t\t\t\t<\/div>\n\t\t\t\t<\/div>\n\t\t\t\t\t<\/div>\n\t\t<\/div>\n\t\t\t\t\t<\/div>\n\t\t<\/section>\n\t\t\t\t<section class=\"elementor-section elementor-top-section elementor-element elementor-element-76c47fb elementor-section-boxed elementor-section-height-default elementor-section-height-default wpr-particle-no wpr-jarallax-no wpr-parallax-no wpr-sticky-section-no\" data-id=\"76c47fb\" data-element_type=\"section\" id=\"first\">\n\t\t\t\t\t\t<div class=\"elementor-container elementor-column-gap-default\">\n\t\t\t\t\t<div class=\"elementor-column elementor-col-50 elementor-top-column elementor-element elementor-element-73f8299 elementor-section-wrapper\" data-id=\"73f8299\" data-element_type=\"column\">\n\t\t\t<div class=\"elementor-widget-wrap elementor-element-populated\">\n\t\t\t\t\t\t<div class=\"elementor-element elementor-element-ffcc3bf elementor-widget elementor-widget-text-editor\" data-id=\"ffcc3bf\" data-element_type=\"widget\" data-widget_type=\"text-editor.default\">\n\t\t\t\t<div class=\"elementor-widget-container\">\n\t\t\t\t\t\t\t<p>TOOLBOX este o platform\u0103 cu mai multe componente conceput\u0103 pentru a ajuta furnizorii de servicii de curierat, po\u0219tale \u0219i de livrare s\u0103 \u00ee\u0219i dezvolte sau s\u0103 \u00ee\u0219i revizuiasc\u0103 strategia de sustenabilitate. Aceasta se bazeaz\u0103 pe metodologia Couriers Go Green \u0219i integreaz\u0103 diverse resurse \u0219i informa\u021bii pe care aceste companii le pot folosi pentru a crea o strategie puternic\u0103, stabil\u0103 \u0219i de lung\u0103 durat\u0103.<\/p><p><strong>Planificare Strategic\u0103:<\/strong> Platforma ofer\u0103 o metodologie pentru dezvoltarea sau actualizarea strategiilor de sustenabilitate a serviciilor de curierat \u0219i de livrare, cu scopul de a reduce emisiile de carbon \u0219i de a \u00eembun\u0103t\u0103\u021bi sustenabilitatea.<\/p><p><strong>Caracteristici TOOLBOX:<\/strong> Ofer\u0103 o platform\u0103 cu multiple componente cu resurse variate \u0219i informa\u021bii pentru a sus\u021bine companiile \u00een implementarea practicilor sustenabile.<\/p><p><strong>Utilizatorii \u021bint\u0103:<\/strong> Toolkit-ul este proiectat pentru CEO, manageri, directori, ofi\u021beri de mediu \u0219i manageri de opera\u021biuni din industriile de curierat \u0219i de transport<\/p><p><strong>Aspectul Educa\u021bional:<\/strong> Se pune accentul pe educarea utilizatorilor cu privire la practicile sustenabile \u0219i pe furnizarea de cuno\u0219tin\u021be pentru a lua decizii responsabile din punct de vedere sustenabil.<\/p>\t\t\t\t\t\t<\/div>\n\t\t\t\t<\/div>\n\t\t\t\t\t<\/div>\n\t\t<\/div>\n\t\t\t\t<div class=\"elementor-column elementor-col-50 elementor-top-column elementor-element elementor-element-06816ac sticky-main\" data-id=\"06816ac\" data-element_type=\"column\">\n\t\t\t<div class=\"elementor-widget-wrap elementor-element-populated\">\n\t\t\t\t\t\t<section class=\"elementor-section elementor-inner-section elementor-element elementor-element-8721a41 sticky-column elementor-section-boxed elementor-section-height-default elementor-section-height-default wpr-particle-no wpr-jarallax-no wpr-parallax-no wpr-sticky-section-no\" data-id=\"8721a41\" data-element_type=\"section\">\n\t\t\t\t\t\t<div class=\"elementor-container elementor-column-gap-default\">\n\t\t\t\t\t<div class=\"elementor-column elementor-col-100 elementor-inner-column elementor-element elementor-element-4527a78\" data-id=\"4527a78\" data-element_type=\"column\">\n\t\t\t<div class=\"elementor-widget-wrap elementor-element-populated\">\n\t\t\t\t\t\t<div class=\"elementor-element elementor-element-cba2867 elementor-widget elementor-widget-image\" data-id=\"cba2867\" data-element_type=\"widget\" data-widget_type=\"image.default\">\n\t\t\t\t<div class=\"elementor-widget-container\">\n\t\t\t\t\t\t\t\t\t\t\t\t\t<img fetchpriority=\"high\" decoding=\"async\" width=\"1024\" height=\"683\" src=\"https:\/\/www.green-courier.eu\/wp-content\/uploads\/2023\/12\/box-with-hand-tool-yellow-background-1024x683.jpg\" class=\"attachment-large size-large wp-image-686\" alt=\"\" srcset=\"https:\/\/www.green-courier.eu\/wp-content\/uploads\/2023\/12\/box-with-hand-tool-yellow-background-1024x683.jpg 1024w, https:\/\/www.green-courier.eu\/wp-content\/uploads\/2023\/12\/box-with-hand-tool-yellow-background-300x200.jpg 300w, https:\/\/www.green-courier.eu\/wp-content\/uploads\/2023\/12\/box-with-hand-tool-yellow-background-768x512.jpg 768w, https:\/\/www.green-courier.eu\/wp-content\/uploads\/2023\/12\/box-with-hand-tool-yellow-background.jpg 1500w\" sizes=\"(max-width: 1024px) 100vw, 1024px\" \/>\t\t\t\t\t\t\t\t\t\t\t\t\t<\/div>\n\t\t\t\t<\/div>\n\t\t\t\t<div class=\"elementor-element elementor-element-c024a00 elementor-align-justify elementor-widget elementor-widget-button\" data-id=\"c024a00\" data-element_type=\"widget\" data-widget_type=\"button.default\">\n\t\t\t\t<div class=\"elementor-widget-container\">\n\t\t\t\t\t\t\t<div class=\"elementor-button-wrapper\">\n\t\t\t\t\t<a class=\"elementor-button elementor-button-link elementor-size-sm\" href=\"https:\/\/couriersgogreen-83564.bubbleapps.io\/version-test\/?lang=en_us\" target=\"_blank\">\n\t\t\t\t\t\t<span class=\"elementor-button-content-wrapper\">\n\t\t\t\t\t\t\t\t\t<span class=\"elementor-button-text\">Deschide Toolbox<\/span>\n\t\t\t\t\t<\/span>\n\t\t\t\t\t<\/a>\n\t\t\t\t<\/div>\n\t\t\t\t\t\t<\/div>\n\t\t\t\t<\/div>\n\t\t\t\t\t<\/div>\n\t\t<\/div>\n\t\t\t\t\t<\/div>\n\t\t<\/section>\n\t\t\t\t\t<\/div>\n\t\t<\/div>\n\t\t\t\t\t<\/div>\n\t\t<\/section>\n\t\t\t\t<\/div>\n\t\t","protected":false},"excerpt":{"rendered":"<p>TOOLBOX Planificare Strategic\u0103 de Sustenabilitate a Cadrului de lucru TOOLBOX este o platform\u0103 cu mai multe componente conceput\u0103 pentru a ajuta furnizorii de servicii de curierat, po\u0219tale \u0219i de livrare s\u0103 \u00ee\u0219i dezvolte sau s\u0103 \u00ee\u0219i revizuiasc\u0103 strategia de sustenabilitate. Aceasta se bazeaz\u0103 pe metodologia Couriers Go Green \u0219i integreaz\u0103 diverse resurse \u0219i informa\u021bii pe care aceste companii le pot folosi pentru a crea o strategie puternic\u0103, stabil\u0103 \u0219i de lung\u0103 durat\u0103. Planificare Strategic\u0103: Platforma ofer\u0103 o metodologie pentru dezvoltarea sau actualizarea strategiilor de sustenabilitate a serviciilor de curierat \u0219i de livrare, cu scopul de a reduce emisiile de carbon \u0219i de a \u00eembun\u0103t\u0103\u021bi sustenabilitatea. Caracteristici TOOLBOX: Ofer\u0103 o platform\u0103 cu multiple componente cu resurse variate \u0219i informa\u021bii pentru a sus\u021bine companiile \u00een implementarea practicilor sustenabile. Utilizatorii \u021bint\u0103: Toolkit-ul este proiectat pentru CEO, manageri, directori, ofi\u021beri de mediu \u0219i manageri de opera\u021biuni din industriile de curierat \u0219i de transport Aspectul Educa\u021bional: Se pune accentul pe educarea utilizatorilor cu privire la practicile sustenabile \u0219i pe furnizarea de cuno\u0219tin\u021be pentru a lua decizii responsabile din punct de vedere sustenabil. Deschide Toolbox<\/p>\n","protected":false},"author":2,"featured_media":0,"parent":0,"menu_order":0,"comment_status":"closed","ping_status":"closed","template":"","meta":{"_bbp_topic_count":0,"_bbp_reply_count":0,"_bbp_total_topic_count":0,"_bbp_total_reply_count":0,"_bbp_voice_count":0,"_bbp_anonymous_reply_count":0,"_bbp_topic_count_hidden":0,"_bbp_reply_count_hidden":0,"_bbp_forum_subforum_count":0,"_exactmetrics_skip_tracking":false,"_exactmetrics_sitenote_active":false,"_exactmetrics_sitenote_note":"","_exactmetrics_sitenote_category":0,"site-sidebar-layout":"default","site-content-layout":"","ast-site-content-layout":"","site-content-style":"default","site-sidebar-style":"default","ast-global-header-display":"","ast-banner-title-visibility":"","ast-main-header-display":"","ast-hfb-above-header-display":"","ast-hfb-below-header-display":"","ast-hfb-mobile-header-display":"","site-post-title":"","ast-breadcrumbs-content":"","ast-featured-img":"","footer-sml-layout":"","theme-transparent-header-meta":"","adv-header-id-meta":"","stick-header-meta":"","header-above-stick-meta":"","header-main-stick-meta":"","header-below-stick-meta":"","astra-migrate-meta-layouts":"default","ast-page-background-enabled":"default","ast-page-background-meta":{"desktop":{"background-color":"var(--ast-global-color-4)","background-image":"","background-repeat":"repeat","background-position":"center center","background-size":"auto","background-attachment":"scroll","background-type":"","background-media":"","overlay-type":"","overlay-color":"","overlay-opacity":"","overlay-gradient":""},"tablet":{"background-color":"","background-image":"","background-repeat":"repeat","background-position":"center center","background-size":"auto","background-attachment":"scroll","background-type":"","background-media":"","overlay-type":"","overlay-color":"","overlay-opacity":"","overlay-gradient":""},"mobile":{"background-color":"","background-image":"","background-repeat":"repeat","background-position":"center center","background-size":"auto","background-attachment":"scroll","background-type":"","background-media":"","overlay-type":"","overlay-color":"","overlay-opacity":"","overlay-gradient":""}},"ast-content-background-meta":{"desktop":{"background-color":"var(--ast-global-color-5)","background-image":"","background-repeat":"repeat","background-position":"center center","background-size":"auto","background-attachment":"scroll","background-type":"","background-media":"","overlay-type":"","overlay-color":"","overlay-opacity":"","overlay-gradient":""},"tablet":{"background-color":"var(--ast-global-color-5)","background-image":"","background-repeat":"repeat","background-position":"center center","background-size":"auto","background-attachment":"scroll","background-type":"","background-media":"","overlay-type":"","overlay-color":"","overlay-opacity":"","overlay-gradient":""},"mobile":{"background-color":"var(--ast-global-color-5)","background-image":"","background-repeat":"repeat","background-position":"center center","background-size":"auto","background-attachment":"scroll","background-type":"","background-media":"","overlay-type":"","overlay-color":"","overlay-opacity":"","overlay-gradient":""}},"footnotes":""},"class_list":["post-2200","page","type-page","status-publish","hentry"],"yoast_head":"<!-- This site is optimized with the Yoast SEO plugin v23.9 - https:\/\/yoast.com\/wordpress\/plugins\/seo\/ -->\n<title>ToolBox - Couriers Go Green<\/title>\n<meta name=\"robots\" content=\"index, follow, max-snippet:-1, max-image-preview:large, max-video-preview:-1\" \/>\n<link rel=\"canonical\" href=\"https:\/\/www.green-courier.eu\/index.php\/ro\/toolbox-4\/\" \/>\n<meta property=\"og:locale\" content=\"en_US\" \/>\n<meta property=\"og:type\" content=\"article\" \/>\n<meta property=\"og:title\" content=\"ToolBox - Couriers Go Green\" \/>\n<meta property=\"og:description\" content=\"TOOLBOX Planificare Strategic\u0103 de Sustenabilitate a Cadrului de lucru TOOLBOX este o platform\u0103 cu mai multe componente conceput\u0103 pentru a ajuta furnizorii de servicii de curierat, po\u0219tale \u0219i de livrare s\u0103 \u00ee\u0219i dezvolte sau s\u0103 \u00ee\u0219i revizuiasc\u0103 strategia de sustenabilitate. Aceasta se bazeaz\u0103 pe metodologia Couriers Go Green \u0219i integreaz\u0103 diverse resurse \u0219i informa\u021bii pe care aceste companii le pot folosi pentru a crea o strategie puternic\u0103, stabil\u0103 \u0219i de lung\u0103 durat\u0103. Planificare Strategic\u0103: Platforma ofer\u0103 o metodologie pentru dezvoltarea sau actualizarea strategiilor de sustenabilitate a serviciilor de curierat \u0219i de livrare, cu scopul de a reduce emisiile de carbon \u0219i de a \u00eembun\u0103t\u0103\u021bi sustenabilitatea. Caracteristici TOOLBOX: Ofer\u0103 o platform\u0103 cu multiple componente cu resurse variate \u0219i informa\u021bii pentru a sus\u021bine companiile \u00een implementarea practicilor sustenabile. Utilizatorii \u021bint\u0103: Toolkit-ul este proiectat pentru CEO, manageri, directori, ofi\u021beri de mediu \u0219i manageri de opera\u021biuni din industriile de curierat \u0219i de transport Aspectul Educa\u021bional: Se pune accentul pe educarea utilizatorilor cu privire la practicile sustenabile \u0219i pe furnizarea de cuno\u0219tin\u021be pentru a lua decizii responsabile din punct de vedere sustenabil. Deschide Toolbox\" \/>\n<meta property=\"og:url\" content=\"https:\/\/www.green-courier.eu\/index.php\/ro\/toolbox-4\/\" \/>\n<meta property=\"og:site_name\" content=\"Couriers Go Green\" \/>\n<meta property=\"article:modified_time\" content=\"2024-09-17T18:12:38+00:00\" \/>\n<meta property=\"og:image\" content=\"http:\/\/www.green-courier.eu\/wp-content\/uploads\/2023\/12\/box-with-hand-tool-yellow-background-1024x683.jpg\" \/>\n<meta name=\"twitter:card\" content=\"summary_large_image\" \/>\n<meta name=\"twitter:label1\" content=\"Est. reading time\" \/>\n\t<meta name=\"twitter:data1\" content=\"1 minute\" \/>\n<script type=\"application\/ld+json\" class=\"yoast-schema-graph\">{\"@context\":\"https:\/\/schema.org\",\"@graph\":[{\"@type\":\"WebPage\",\"@id\":\"https:\/\/www.green-courier.eu\/index.php\/ro\/toolbox-4\/\",\"url\":\"https:\/\/www.green-courier.eu\/index.php\/ro\/toolbox-4\/\",\"name\":\"ToolBox - Couriers Go Green\",\"isPartOf\":{\"@id\":\"https:\/\/www.green-courier.eu\/#website\"},\"primaryImageOfPage\":{\"@id\":\"https:\/\/www.green-courier.eu\/index.php\/ro\/toolbox-4\/#primaryimage\"},\"image\":{\"@id\":\"https:\/\/www.green-courier.eu\/index.php\/ro\/toolbox-4\/#primaryimage\"},\"thumbnailUrl\":\"http:\/\/www.green-courier.eu\/wp-content\/uploads\/2023\/12\/box-with-hand-tool-yellow-background-1024x683.jpg\",\"datePublished\":\"2024-06-12T22:42:00+00:00\",\"dateModified\":\"2024-09-17T18:12:38+00:00\",\"breadcrumb\":{\"@id\":\"https:\/\/www.green-courier.eu\/index.php\/ro\/toolbox-4\/#breadcrumb\"},\"inLanguage\":\"en-US\",\"potentialAction\":[{\"@type\":\"ReadAction\",\"target\":[\"https:\/\/www.green-courier.eu\/index.php\/ro\/toolbox-4\/\"]}]},{\"@type\":\"ImageObject\",\"inLanguage\":\"en-US\",\"@id\":\"https:\/\/www.green-courier.eu\/index.php\/ro\/toolbox-4\/#primaryimage\",\"url\":\"https:\/\/www.green-courier.eu\/wp-content\/uploads\/2023\/12\/box-with-hand-tool-yellow-background.jpg\",\"contentUrl\":\"https:\/\/www.green-courier.eu\/wp-content\/uploads\/2023\/12\/box-with-hand-tool-yellow-background.jpg\",\"width\":1500,\"height\":1000},{\"@type\":\"BreadcrumbList\",\"@id\":\"https:\/\/www.green-courier.eu\/index.php\/ro\/toolbox-4\/#breadcrumb\",\"itemListElement\":[{\"@type\":\"ListItem\",\"position\":1,\"name\":\"Home\",\"item\":\"https:\/\/www.green-courier.eu\/\"},{\"@type\":\"ListItem\",\"position\":2,\"name\":\"ToolBox\"}]},{\"@type\":\"WebSite\",\"@id\":\"https:\/\/www.green-courier.eu\/#website\",\"url\":\"https:\/\/www.green-courier.eu\/\",\"name\":\"Couriers Go Green\",\"description\":\"\",\"publisher\":{\"@id\":\"https:\/\/www.green-courier.eu\/#organization\"},\"potentialAction\":[{\"@type\":\"SearchAction\",\"target\":{\"@type\":\"EntryPoint\",\"urlTemplate\":\"https:\/\/www.green-courier.eu\/?s={search_term_string}\"},\"query-input\":{\"@type\":\"PropertyValueSpecification\",\"valueRequired\":true,\"valueName\":\"search_term_string\"}}],\"inLanguage\":\"en-US\"},{\"@type\":\"Organization\",\"@id\":\"https:\/\/www.green-courier.eu\/#organization\",\"name\":\"Couriers Go Green\",\"url\":\"https:\/\/www.green-courier.eu\/\",\"logo\":{\"@type\":\"ImageObject\",\"inLanguage\":\"en-US\",\"@id\":\"https:\/\/www.green-courier.eu\/#\/schema\/logo\/image\/\",\"url\":\"https:\/\/www.green-courier.eu\/wp-content\/uploads\/2023\/04\/cropped-logo_figma-e1690213555393.png\",\"contentUrl\":\"https:\/\/www.green-courier.eu\/wp-content\/uploads\/2023\/04\/cropped-logo_figma-e1690213555393.png\",\"width\":139,\"height\":130,\"caption\":\"Couriers Go Green\"},\"image\":{\"@id\":\"https:\/\/www.green-courier.eu\/#\/schema\/logo\/image\/\"}}]}<\/script>\n<!-- \/ Yoast SEO plugin. -->","yoast_head_json":{"title":"ToolBox - Couriers Go Green","robots":{"index":"index","follow":"follow","max-snippet":"max-snippet:-1","max-image-preview":"max-image-preview:large","max-video-preview":"max-video-preview:-1"},"canonical":"https:\/\/www.green-courier.eu\/index.php\/ro\/toolbox-4\/","og_locale":"en_US","og_type":"article","og_title":"ToolBox - Couriers Go Green","og_description":"TOOLBOX Planificare Strategic\u0103 de Sustenabilitate a Cadrului de lucru TOOLBOX este o platform\u0103 cu mai multe componente conceput\u0103 pentru a ajuta furnizorii de servicii de curierat, po\u0219tale \u0219i de livrare s\u0103 \u00ee\u0219i dezvolte sau s\u0103 \u00ee\u0219i revizuiasc\u0103 strategia de sustenabilitate. Aceasta se bazeaz\u0103 pe metodologia Couriers Go Green \u0219i integreaz\u0103 diverse resurse \u0219i informa\u021bii pe care aceste companii le pot folosi pentru a crea o strategie puternic\u0103, stabil\u0103 \u0219i de lung\u0103 durat\u0103. Planificare Strategic\u0103: Platforma ofer\u0103 o metodologie pentru dezvoltarea sau actualizarea strategiilor de sustenabilitate a serviciilor de curierat \u0219i de livrare, cu scopul de a reduce emisiile de carbon \u0219i de a \u00eembun\u0103t\u0103\u021bi sustenabilitatea. Caracteristici TOOLBOX: Ofer\u0103 o platform\u0103 cu multiple componente cu resurse variate \u0219i informa\u021bii pentru a sus\u021bine companiile \u00een implementarea practicilor sustenabile. Utilizatorii \u021bint\u0103: Toolkit-ul este proiectat pentru CEO, manageri, directori, ofi\u021beri de mediu \u0219i manageri de opera\u021biuni din industriile de curierat \u0219i de transport Aspectul Educa\u021bional: Se pune accentul pe educarea utilizatorilor cu privire la practicile sustenabile \u0219i pe furnizarea de cuno\u0219tin\u021be pentru a lua decizii responsabile din punct de vedere sustenabil. Deschide Toolbox","og_url":"https:\/\/www.green-courier.eu\/index.php\/ro\/toolbox-4\/","og_site_name":"Couriers Go Green","article_modified_time":"2024-09-17T18:12:38+00:00","og_image":[{"url":"http:\/\/www.green-courier.eu\/wp-content\/uploads\/2023\/12\/box-with-hand-tool-yellow-background-1024x683.jpg"}],"twitter_card":"summary_large_image","twitter_misc":{"Est. reading time":"1 minute"},"schema":{"@context":"https:\/\/schema.org","@graph":[{"@type":"WebPage","@id":"https:\/\/www.green-courier.eu\/index.php\/ro\/toolbox-4\/","url":"https:\/\/www.green-courier.eu\/index.php\/ro\/toolbox-4\/","name":"ToolBox - Couriers Go Green","isPartOf":{"@id":"https:\/\/www.green-courier.eu\/#website"},"primaryImageOfPage":{"@id":"https:\/\/www.green-courier.eu\/index.php\/ro\/toolbox-4\/#primaryimage"},"image":{"@id":"https:\/\/www.green-courier.eu\/index.php\/ro\/toolbox-4\/#primaryimage"},"thumbnailUrl":"http:\/\/www.green-courier.eu\/wp-content\/uploads\/2023\/12\/box-with-hand-tool-yellow-background-1024x683.jpg","datePublished":"2024-06-12T22:42:00+00:00","dateModified":"2024-09-17T18:12:38+00:00","breadcrumb":{"@id":"https:\/\/www.green-courier.eu\/index.php\/ro\/toolbox-4\/#breadcrumb"},"inLanguage":"en-US","potentialAction":[{"@type":"ReadAction","target":["https:\/\/www.green-courier.eu\/index.php\/ro\/toolbox-4\/"]}]},{"@type":"ImageObject","inLanguage":"en-US","@id":"https:\/\/www.green-courier.eu\/index.php\/ro\/toolbox-4\/#primaryimage","url":"https:\/\/www.green-courier.eu\/wp-content\/uploads\/2023\/12\/box-with-hand-tool-yellow-background.jpg","contentUrl":"https:\/\/www.green-courier.eu\/wp-content\/uploads\/2023\/12\/box-with-hand-tool-yellow-background.jpg","width":1500,"height":1000},{"@type":"BreadcrumbList","@id":"https:\/\/www.green-courier.eu\/index.php\/ro\/toolbox-4\/#breadcrumb","itemListElement":[{"@type":"ListItem","position":1,"name":"Home","item":"https:\/\/www.green-courier.eu\/"},{"@type":"ListItem","position":2,"name":"ToolBox"}]},{"@type":"WebSite","@id":"https:\/\/www.green-courier.eu\/#website","url":"https:\/\/www.green-courier.eu\/","name":"Couriers Go Green","description":"","publisher":{"@id":"https:\/\/www.green-courier.eu\/#organization"},"potentialAction":[{"@type":"SearchAction","target":{"@type":"EntryPoint","urlTemplate":"https:\/\/www.green-courier.eu\/?s={search_term_string}"},"query-input":{"@type":"PropertyValueSpecification","valueRequired":true,"valueName":"search_term_string"}}],"inLanguage":"en-US"},{"@type":"Organization","@id":"https:\/\/www.green-courier.eu\/#organization","name":"Couriers Go Green","url":"https:\/\/www.green-courier.eu\/","logo":{"@type":"ImageObject","inLanguage":"en-US","@id":"https:\/\/www.green-courier.eu\/#\/schema\/logo\/image\/","url":"https:\/\/www.green-courier.eu\/wp-content\/uploads\/2023\/04\/cropped-logo_figma-e1690213555393.png","contentUrl":"https:\/\/www.green-courier.eu\/wp-content\/uploads\/2023\/04\/cropped-logo_figma-e1690213555393.png","width":139,"height":130,"caption":"Couriers Go Green"},"image":{"@id":"https:\/\/www.green-courier.eu\/#\/schema\/logo\/image\/"}}]}},"_links":{"self":[{"href":"https:\/\/www.green-courier.eu\/index.php\/wp-json\/wp\/v2\/pages\/2200","targetHints":{"allow":["GET"]}}],"collection":[{"href":"https:\/\/www.green-courier.eu\/index.php\/wp-json\/wp\/v2\/pages"}],"about":[{"href":"https:\/\/www.green-courier.eu\/index.php\/wp-json\/wp\/v2\/types\/page"}],"author":[{"embeddable":true,"href":"https:\/\/www.green-courier.eu\/index.php\/wp-json\/wp\/v2\/users\/2"}],"replies":[{"embeddable":true,"href":"https:\/\/www.green-courier.eu\/index.php\/wp-json\/wp\/v2\/comments?post=2200"}],"version-history":[{"count":10,"href":"https:\/\/www.green-courier.eu\/index.php\/wp-json\/wp\/v2\/pages\/2200\/revisions"}],"predecessor-version":[{"id":3345,"href":"https:\/\/www.green-courier.eu\/index.php\/wp-json\/wp\/v2\/pages\/2200\/revisions\/3345"}],"wp:attachment":[{"href":"https:\/\/www.green-courier.eu\/index.php\/wp-json\/wp\/v2\/media?parent=2200"}],"curies":[{"name":"wp","href":"https:\/\/api.w.org\/{rel}","templated":true}]}}