{"id":2189,"date":"2024-06-12T22:39:29","date_gmt":"2024-06-12T22:39:29","guid":{"rendered":"https:\/\/www.green-courier.eu\/?page_id=2189"},"modified":"2024-09-17T18:01:43","modified_gmt":"2024-09-17T18:01:43","slug":"toolbox-3","status":"publish","type":"page","link":"https:\/\/www.green-courier.eu\/index.php\/hu\/toolbox-3\/","title":{"rendered":"Eszk\u00f6zt\u00e1r"},"content":{"rendered":"\t\t<div data-elementor-type=\"wp-page\" data-elementor-id=\"2189\" class=\"elementor elementor-2189\">\n\t\t\t\t\t\t<section class=\"elementor-section elementor-top-section elementor-element elementor-element-0d04b1d elementor-section-boxed elementor-section-height-default elementor-section-height-default wpr-particle-no wpr-jarallax-no wpr-parallax-no wpr-sticky-section-no\" data-id=\"0d04b1d\" data-element_type=\"section\" data-settings=\"{&quot;background_background&quot;:&quot;classic&quot;}\">\n\t\t\t\t\t\t\t<div class=\"elementor-background-overlay\"><\/div>\n\t\t\t\t\t\t\t<div class=\"elementor-container elementor-column-gap-default\">\n\t\t\t\t\t<div class=\"elementor-column elementor-col-100 elementor-top-column elementor-element elementor-element-1f43aff\" data-id=\"1f43aff\" data-element_type=\"column\">\n\t\t\t<div class=\"elementor-widget-wrap elementor-element-populated\">\n\t\t\t\t\t\t<div class=\"elementor-element elementor-element-1272520 elementor-widget elementor-widget-heading\" data-id=\"1272520\" data-element_type=\"widget\" data-widget_type=\"heading.default\">\n\t\t\t\t<div class=\"elementor-widget-container\">\n\t\t\t<h1 class=\"elementor-heading-title elementor-size-default\">Strat\u00e9giai Tervez\u00e9s Z\u00f6ld Keretrendszer Eszk\u00f6zt\u00e1r\n<\/h1>\t\t<\/div>\n\t\t\t\t<\/div>\n\t\t\t\t<div class=\"elementor-element elementor-element-1581083 elementor-view-default elementor-widget elementor-widget-icon\" data-id=\"1581083\" data-element_type=\"widget\" data-widget_type=\"icon.default\">\n\t\t\t\t<div class=\"elementor-widget-container\">\n\t\t\t\t\t<div class=\"elementor-icon-wrapper\">\n\t\t\t<a class=\"elementor-icon\" href=\"#first\">\n\t\t\t<svg xmlns=\"http:\/\/www.w3.org\/2000\/svg\" xmlns:xlink=\"http:\/\/www.w3.org\/1999\/xlink\" id=\"Capa_1\" x=\"0px\" y=\"0px\" width=\"451.847px\" height=\"451.847px\" viewBox=\"0 0 451.847 451.847\" style=\"enable-background:new 0 0 451.847 451.847;\" xml:space=\"preserve\"><g>\t<path d=\"M225.923,354.706c-8.098,0-16.195-3.092-22.369-9.263L9.27,151.157c-12.359-12.359-12.359-32.397,0-44.751  c12.354-12.354,32.388-12.354,44.748,0l171.905,171.915l171.906-171.909c12.359-12.354,32.391-12.354,44.744,0  c12.365,12.354,12.365,32.392,0,44.751L248.292,345.449C242.115,351.621,234.018,354.706,225.923,354.706z\"><\/path><\/g><g><\/g><g><\/g><g><\/g><g><\/g><g><\/g><g><\/g><g><\/g><g><\/g><g><\/g><g><\/g><g><\/g><g><\/g><g><\/g><g><\/g><g><\/g><\/svg>\t\t\t<\/a>\n\t\t<\/div>\n\t\t\t\t<\/div>\n\t\t\t\t<\/div>\n\t\t\t\t\t<\/div>\n\t\t<\/div>\n\t\t\t\t\t<\/div>\n\t\t<\/section>\n\t\t\t\t<section class=\"elementor-section elementor-top-section elementor-element elementor-element-76c47fb elementor-section-boxed elementor-section-height-default elementor-section-height-default wpr-particle-no wpr-jarallax-no wpr-parallax-no wpr-sticky-section-no\" data-id=\"76c47fb\" data-element_type=\"section\" id=\"first\">\n\t\t\t\t\t\t<div class=\"elementor-container elementor-column-gap-default\">\n\t\t\t\t\t<div class=\"elementor-column elementor-col-50 elementor-top-column elementor-element elementor-element-73f8299 elementor-section-wrapper\" data-id=\"73f8299\" data-element_type=\"column\">\n\t\t\t<div class=\"elementor-widget-wrap elementor-element-populated\">\n\t\t\t\t\t\t<div class=\"elementor-element elementor-element-ffcc3bf elementor-widget elementor-widget-text-editor\" data-id=\"ffcc3bf\" data-element_type=\"widget\" data-widget_type=\"text-editor.default\">\n\t\t\t\t<div class=\"elementor-widget-container\">\n\t\t\t\t\t\t\t<p>Az Eszk\u00f6zt\u00e1r egy t\u00f6bb komponensb\u0151l \u00e1ll\u00f3 platform, amely a fut\u00e1r-, postai \u00e9s sz\u00e1ll\u00edtm\u00e1nyoz\u00e1si v\u00e1llalatokat, szolg\u00e1ltat\u00f3kat seg\u00edti z\u00f6ld strat\u00e9gi\u00e1juk kidolgoz\u00e1s\u00e1ban vagy fel\u00fclvizsg\u00e1lat\u00e1ban. Alapja a Couriers Go Green m\u00f3dszertan, k\u00fcl\u00f6nb\u00f6z\u0151 forr\u00e1sokat \u00e9s inform\u00e1ci\u00f3kat integr\u00e1l, melyeket e c\u00e9gek felhaszn\u00e1lhatnak egy er\u0151s, stabil \u00e9s hossz\u00fa t\u00e1v\u00fa strat\u00e9gia kialak\u00edt\u00e1s\u00e1hoz.<\/p><p><strong>Strat\u00e9giai tervez\u00e9s:<\/strong> A platform m\u00f3dszertant biztos\u00edt a fut\u00e1r-, postai \u00e9s sz\u00e1ll\u00edtm\u00e1nyoz\u00e1si c\u00e9gek sz\u00e1m\u00e1ra z\u00f6ld strat\u00e9gi\u00e1juk kidolgoz\u00e1s\u00e1hoz vagy friss\u00edt\u00e9s\u00e9hez, amelynek c\u00e9lja a sz\u00e9n-dioxid-kibocs\u00e1t\u00e1s cs\u00f6kkent\u00e9se \u00e9s a fenntarthat\u00f3s\u00e1g fokoz\u00e1sa.<\/p><p><strong>Eszk\u00f6zt\u00e1r funkci\u00f3k:<\/strong> T\u00f6bbkomponens\u0171 platformot k\u00edn\u00e1l k\u00fcl\u00f6nb\u00f6z\u0151 forr\u00e1sokkal \u00e9s inform\u00e1ci\u00f3kkal, amelyek t\u00e1mogatj\u00e1k a v\u00e1llalatokat a k\u00f6rnyezetbar\u00e1t gyakorlatok bevezet\u00e9s\u00e9ben.<\/p><p><strong>C\u00e9lcsoport:<\/strong> Az eszk\u00f6zt\u00e1r a fut\u00e1r-, postai \u00e9s sz\u00e1ll\u00edtm\u00e1nyoz\u00e1si \u00e1gazat vez\u00e9rigazgat\u00f3i, vezet\u0151i, igazgat\u00f3i, k\u00f6rnyezetv\u00e9delmi tisztvisel\u0151i \u00e9s \u00fczemeltet\u00e9si vezet\u0151i sz\u00e1m\u00e1ra k\u00e9sz\u00fclt.<\/p><p><strong>Oktat\u00e1si szempont:<\/strong> A felhaszn\u00e1l\u00f3k fenntarthat\u00f3 gyakorlatokkal kapcsolatos oktat\u00e1s\u00e1ra \u00e9s a k\u00f6rnyezettudatos d\u00f6nt\u00e9sek meghozatal\u00e1hoz sz\u00fcks\u00e9ges ismeretek k\u00f6zvet\u00edt\u00e9s\u00e9re helyezi a hangs\u00falyt.<\/p>\t\t\t\t\t\t<\/div>\n\t\t\t\t<\/div>\n\t\t\t\t\t<\/div>\n\t\t<\/div>\n\t\t\t\t<div class=\"elementor-column elementor-col-50 elementor-top-column elementor-element elementor-element-06816ac sticky-main\" data-id=\"06816ac\" data-element_type=\"column\">\n\t\t\t<div class=\"elementor-widget-wrap elementor-element-populated\">\n\t\t\t\t\t\t<section class=\"elementor-section elementor-inner-section elementor-element elementor-element-8721a41 sticky-column elementor-section-boxed elementor-section-height-default elementor-section-height-default wpr-particle-no wpr-jarallax-no wpr-parallax-no wpr-sticky-section-no\" data-id=\"8721a41\" data-element_type=\"section\">\n\t\t\t\t\t\t<div class=\"elementor-container elementor-column-gap-default\">\n\t\t\t\t\t<div class=\"elementor-column elementor-col-100 elementor-inner-column elementor-element elementor-element-4527a78\" data-id=\"4527a78\" data-element_type=\"column\">\n\t\t\t<div class=\"elementor-widget-wrap elementor-element-populated\">\n\t\t\t\t\t\t<div class=\"elementor-element elementor-element-cba2867 elementor-widget elementor-widget-image\" data-id=\"cba2867\" data-element_type=\"widget\" data-widget_type=\"image.default\">\n\t\t\t\t<div class=\"elementor-widget-container\">\n\t\t\t\t\t\t\t\t\t\t\t\t\t<img fetchpriority=\"high\" decoding=\"async\" width=\"1024\" height=\"683\" src=\"https:\/\/www.green-courier.eu\/wp-content\/uploads\/2023\/12\/box-with-hand-tool-yellow-background-1024x683.jpg\" class=\"attachment-large size-large wp-image-686\" alt=\"\" srcset=\"https:\/\/www.green-courier.eu\/wp-content\/uploads\/2023\/12\/box-with-hand-tool-yellow-background-1024x683.jpg 1024w, https:\/\/www.green-courier.eu\/wp-content\/uploads\/2023\/12\/box-with-hand-tool-yellow-background-300x200.jpg 300w, https:\/\/www.green-courier.eu\/wp-content\/uploads\/2023\/12\/box-with-hand-tool-yellow-background-768x512.jpg 768w, https:\/\/www.green-courier.eu\/wp-content\/uploads\/2023\/12\/box-with-hand-tool-yellow-background.jpg 1500w\" sizes=\"(max-width: 1024px) 100vw, 1024px\" \/>\t\t\t\t\t\t\t\t\t\t\t\t\t<\/div>\n\t\t\t\t<\/div>\n\t\t\t\t<div class=\"elementor-element elementor-element-c024a00 elementor-align-justify elementor-widget elementor-widget-button\" data-id=\"c024a00\" data-element_type=\"widget\" data-widget_type=\"button.default\">\n\t\t\t\t<div class=\"elementor-widget-container\">\n\t\t\t\t\t\t\t<div class=\"elementor-button-wrapper\">\n\t\t\t\t\t<a class=\"elementor-button elementor-button-link elementor-size-sm\" href=\"https:\/\/couriersgogreen-83564.bubbleapps.io\/version-test\/?lang=en_us\" target=\"_blank\">\n\t\t\t\t\t\t<span class=\"elementor-button-content-wrapper\">\n\t\t\t\t\t\t\t\t\t<span class=\"elementor-button-text\">Eszk\u00f6zt\u00e1r megnyit\u00e1sa<\/span>\n\t\t\t\t\t<\/span>\n\t\t\t\t\t<\/a>\n\t\t\t\t<\/div>\n\t\t\t\t\t\t<\/div>\n\t\t\t\t<\/div>\n\t\t\t\t\t<\/div>\n\t\t<\/div>\n\t\t\t\t\t<\/div>\n\t\t<\/section>\n\t\t\t\t\t<\/div>\n\t\t<\/div>\n\t\t\t\t\t<\/div>\n\t\t<\/section>\n\t\t\t\t<\/div>\n\t\t","protected":false},"excerpt":{"rendered":"<p>Strat\u00e9giai Tervez\u00e9s Z\u00f6ld Keretrendszer Eszk\u00f6zt\u00e1r Az Eszk\u00f6zt\u00e1r egy t\u00f6bb komponensb\u0151l \u00e1ll\u00f3 platform, amely a fut\u00e1r-, postai \u00e9s sz\u00e1ll\u00edtm\u00e1nyoz\u00e1si v\u00e1llalatokat, szolg\u00e1ltat\u00f3kat seg\u00edti z\u00f6ld strat\u00e9gi\u00e1juk kidolgoz\u00e1s\u00e1ban vagy fel\u00fclvizsg\u00e1lat\u00e1ban. Alapja a Couriers Go Green m\u00f3dszertan, k\u00fcl\u00f6nb\u00f6z\u0151 forr\u00e1sokat \u00e9s inform\u00e1ci\u00f3kat integr\u00e1l, melyeket e c\u00e9gek felhaszn\u00e1lhatnak egy er\u0151s, stabil \u00e9s hossz\u00fa t\u00e1v\u00fa strat\u00e9gia kialak\u00edt\u00e1s\u00e1hoz. Strat\u00e9giai tervez\u00e9s: A platform m\u00f3dszertant biztos\u00edt a fut\u00e1r-, postai \u00e9s sz\u00e1ll\u00edtm\u00e1nyoz\u00e1si c\u00e9gek sz\u00e1m\u00e1ra z\u00f6ld strat\u00e9gi\u00e1juk kidolgoz\u00e1s\u00e1hoz vagy friss\u00edt\u00e9s\u00e9hez, amelynek c\u00e9lja a sz\u00e9n-dioxid-kibocs\u00e1t\u00e1s cs\u00f6kkent\u00e9se \u00e9s a fenntarthat\u00f3s\u00e1g fokoz\u00e1sa. Eszk\u00f6zt\u00e1r funkci\u00f3k: T\u00f6bbkomponens\u0171 platformot k\u00edn\u00e1l k\u00fcl\u00f6nb\u00f6z\u0151 forr\u00e1sokkal \u00e9s inform\u00e1ci\u00f3kkal, amelyek t\u00e1mogatj\u00e1k a v\u00e1llalatokat a k\u00f6rnyezetbar\u00e1t gyakorlatok bevezet\u00e9s\u00e9ben. C\u00e9lcsoport: Az eszk\u00f6zt\u00e1r a fut\u00e1r-, postai \u00e9s sz\u00e1ll\u00edtm\u00e1nyoz\u00e1si \u00e1gazat vez\u00e9rigazgat\u00f3i, vezet\u0151i, igazgat\u00f3i, k\u00f6rnyezetv\u00e9delmi tisztvisel\u0151i \u00e9s \u00fczemeltet\u00e9si vezet\u0151i sz\u00e1m\u00e1ra k\u00e9sz\u00fclt. Oktat\u00e1si szempont: A felhaszn\u00e1l\u00f3k fenntarthat\u00f3 gyakorlatokkal kapcsolatos oktat\u00e1s\u00e1ra \u00e9s a k\u00f6rnyezettudatos d\u00f6nt\u00e9sek meghozatal\u00e1hoz sz\u00fcks\u00e9ges ismeretek k\u00f6zvet\u00edt\u00e9s\u00e9re helyezi a hangs\u00falyt. Eszk\u00f6zt\u00e1r megnyit\u00e1sa<\/p>\n","protected":false},"author":2,"featured_media":0,"parent":0,"menu_order":0,"comment_status":"closed","ping_status":"closed","template":"","meta":{"_bbp_topic_count":0,"_bbp_reply_count":0,"_bbp_total_topic_count":0,"_bbp_total_reply_count":0,"_bbp_voice_count":0,"_bbp_anonymous_reply_count":0,"_bbp_topic_count_hidden":0,"_bbp_reply_count_hidden":0,"_bbp_forum_subforum_count":0,"_exactmetrics_skip_tracking":false,"_exactmetrics_sitenote_active":false,"_exactmetrics_sitenote_note":"","_exactmetrics_sitenote_category":0,"site-sidebar-layout":"default","site-content-layout":"","ast-site-content-layout":"","site-content-style":"default","site-sidebar-style":"default","ast-global-header-display":"","ast-banner-title-visibility":"","ast-main-header-display":"","ast-hfb-above-header-display":"","ast-hfb-below-header-display":"","ast-hfb-mobile-header-display":"","site-post-title":"","ast-breadcrumbs-content":"","ast-featured-img":"","footer-sml-layout":"","theme-transparent-header-meta":"","adv-header-id-meta":"","stick-header-meta":"","header-above-stick-meta":"","header-main-stick-meta":"","header-below-stick-meta":"","astra-migrate-meta-layouts":"default","ast-page-background-enabled":"default","ast-page-background-meta":{"desktop":{"background-color":"var(--ast-global-color-4)","background-image":"","background-repeat":"repeat","background-position":"center center","background-size":"auto","background-attachment":"scroll","background-type":"","background-media":"","overlay-type":"","overlay-color":"","overlay-opacity":"","overlay-gradient":""},"tablet":{"background-color":"","background-image":"","background-repeat":"repeat","background-position":"center center","background-size":"auto","background-attachment":"scroll","background-type":"","background-media":"","overlay-type":"","overlay-color":"","overlay-opacity":"","overlay-gradient":""},"mobile":{"background-color":"","background-image":"","background-repeat":"repeat","background-position":"center center","background-size":"auto","background-attachment":"scroll","background-type":"","background-media":"","overlay-type":"","overlay-color":"","overlay-opacity":"","overlay-gradient":""}},"ast-content-background-meta":{"desktop":{"background-color":"var(--ast-global-color-5)","background-image":"","background-repeat":"repeat","background-position":"center center","background-size":"auto","background-attachment":"scroll","background-type":"","background-media":"","overlay-type":"","overlay-color":"","overlay-opacity":"","overlay-gradient":""},"tablet":{"background-color":"var(--ast-global-color-5)","background-image":"","background-repeat":"repeat","background-position":"center center","background-size":"auto","background-attachment":"scroll","background-type":"","background-media":"","overlay-type":"","overlay-color":"","overlay-opacity":"","overlay-gradient":""},"mobile":{"background-color":"var(--ast-global-color-5)","background-image":"","background-repeat":"repeat","background-position":"center center","background-size":"auto","background-attachment":"scroll","background-type":"","background-media":"","overlay-type":"","overlay-color":"","overlay-opacity":"","overlay-gradient":""}},"footnotes":""},"class_list":["post-2189","page","type-page","status-publish","hentry"],"yoast_head":"<!-- This site is optimized with the Yoast SEO plugin v23.9 - https:\/\/yoast.com\/wordpress\/plugins\/seo\/ -->\n<title>Eszk\u00f6zt\u00e1r - Couriers Go Green<\/title>\n<meta name=\"robots\" content=\"index, follow, max-snippet:-1, max-image-preview:large, max-video-preview:-1\" \/>\n<link rel=\"canonical\" href=\"https:\/\/www.green-courier.eu\/index.php\/hu\/toolbox-3\/\" \/>\n<meta property=\"og:locale\" content=\"en_US\" \/>\n<meta property=\"og:type\" content=\"article\" \/>\n<meta property=\"og:title\" content=\"Eszk\u00f6zt\u00e1r - Couriers Go Green\" \/>\n<meta property=\"og:description\" content=\"Strat\u00e9giai Tervez\u00e9s Z\u00f6ld Keretrendszer Eszk\u00f6zt\u00e1r Az Eszk\u00f6zt\u00e1r egy t\u00f6bb komponensb\u0151l \u00e1ll\u00f3 platform, amely a fut\u00e1r-, postai \u00e9s sz\u00e1ll\u00edtm\u00e1nyoz\u00e1si v\u00e1llalatokat, szolg\u00e1ltat\u00f3kat seg\u00edti z\u00f6ld strat\u00e9gi\u00e1juk kidolgoz\u00e1s\u00e1ban vagy fel\u00fclvizsg\u00e1lat\u00e1ban. Alapja a Couriers Go Green m\u00f3dszertan, k\u00fcl\u00f6nb\u00f6z\u0151 forr\u00e1sokat \u00e9s inform\u00e1ci\u00f3kat integr\u00e1l, melyeket e c\u00e9gek felhaszn\u00e1lhatnak egy er\u0151s, stabil \u00e9s hossz\u00fa t\u00e1v\u00fa strat\u00e9gia kialak\u00edt\u00e1s\u00e1hoz. Strat\u00e9giai tervez\u00e9s: A platform m\u00f3dszertant biztos\u00edt a fut\u00e1r-, postai \u00e9s sz\u00e1ll\u00edtm\u00e1nyoz\u00e1si c\u00e9gek sz\u00e1m\u00e1ra z\u00f6ld strat\u00e9gi\u00e1juk kidolgoz\u00e1s\u00e1hoz vagy friss\u00edt\u00e9s\u00e9hez, amelynek c\u00e9lja a sz\u00e9n-dioxid-kibocs\u00e1t\u00e1s cs\u00f6kkent\u00e9se \u00e9s a fenntarthat\u00f3s\u00e1g fokoz\u00e1sa. Eszk\u00f6zt\u00e1r funkci\u00f3k: T\u00f6bbkomponens\u0171 platformot k\u00edn\u00e1l k\u00fcl\u00f6nb\u00f6z\u0151 forr\u00e1sokkal \u00e9s inform\u00e1ci\u00f3kkal, amelyek t\u00e1mogatj\u00e1k a v\u00e1llalatokat a k\u00f6rnyezetbar\u00e1t gyakorlatok bevezet\u00e9s\u00e9ben. C\u00e9lcsoport: Az eszk\u00f6zt\u00e1r a fut\u00e1r-, postai \u00e9s sz\u00e1ll\u00edtm\u00e1nyoz\u00e1si \u00e1gazat vez\u00e9rigazgat\u00f3i, vezet\u0151i, igazgat\u00f3i, k\u00f6rnyezetv\u00e9delmi tisztvisel\u0151i \u00e9s \u00fczemeltet\u00e9si vezet\u0151i sz\u00e1m\u00e1ra k\u00e9sz\u00fclt. Oktat\u00e1si szempont: A felhaszn\u00e1l\u00f3k fenntarthat\u00f3 gyakorlatokkal kapcsolatos oktat\u00e1s\u00e1ra \u00e9s a k\u00f6rnyezettudatos d\u00f6nt\u00e9sek meghozatal\u00e1hoz sz\u00fcks\u00e9ges ismeretek k\u00f6zvet\u00edt\u00e9s\u00e9re helyezi a hangs\u00falyt. Eszk\u00f6zt\u00e1r megnyit\u00e1sa\" \/>\n<meta property=\"og:url\" content=\"https:\/\/www.green-courier.eu\/index.php\/hu\/toolbox-3\/\" \/>\n<meta property=\"og:site_name\" content=\"Couriers Go Green\" \/>\n<meta property=\"article:modified_time\" content=\"2024-09-17T18:01:43+00:00\" \/>\n<meta property=\"og:image\" content=\"http:\/\/www.green-courier.eu\/wp-content\/uploads\/2023\/12\/box-with-hand-tool-yellow-background-1024x683.jpg\" \/>\n<meta name=\"twitter:card\" content=\"summary_large_image\" \/>\n<meta name=\"twitter:label1\" content=\"Est. reading time\" \/>\n\t<meta name=\"twitter:data1\" content=\"1 minute\" \/>\n<script type=\"application\/ld+json\" class=\"yoast-schema-graph\">{\"@context\":\"https:\/\/schema.org\",\"@graph\":[{\"@type\":\"WebPage\",\"@id\":\"https:\/\/www.green-courier.eu\/index.php\/hu\/toolbox-3\/\",\"url\":\"https:\/\/www.green-courier.eu\/index.php\/hu\/toolbox-3\/\",\"name\":\"Eszk\u00f6zt\u00e1r - Couriers Go Green\",\"isPartOf\":{\"@id\":\"https:\/\/www.green-courier.eu\/#website\"},\"primaryImageOfPage\":{\"@id\":\"https:\/\/www.green-courier.eu\/index.php\/hu\/toolbox-3\/#primaryimage\"},\"image\":{\"@id\":\"https:\/\/www.green-courier.eu\/index.php\/hu\/toolbox-3\/#primaryimage\"},\"thumbnailUrl\":\"http:\/\/www.green-courier.eu\/wp-content\/uploads\/2023\/12\/box-with-hand-tool-yellow-background-1024x683.jpg\",\"datePublished\":\"2024-06-12T22:39:29+00:00\",\"dateModified\":\"2024-09-17T18:01:43+00:00\",\"breadcrumb\":{\"@id\":\"https:\/\/www.green-courier.eu\/index.php\/hu\/toolbox-3\/#breadcrumb\"},\"inLanguage\":\"en-US\",\"potentialAction\":[{\"@type\":\"ReadAction\",\"target\":[\"https:\/\/www.green-courier.eu\/index.php\/hu\/toolbox-3\/\"]}]},{\"@type\":\"ImageObject\",\"inLanguage\":\"en-US\",\"@id\":\"https:\/\/www.green-courier.eu\/index.php\/hu\/toolbox-3\/#primaryimage\",\"url\":\"https:\/\/www.green-courier.eu\/wp-content\/uploads\/2023\/12\/box-with-hand-tool-yellow-background.jpg\",\"contentUrl\":\"https:\/\/www.green-courier.eu\/wp-content\/uploads\/2023\/12\/box-with-hand-tool-yellow-background.jpg\",\"width\":1500,\"height\":1000},{\"@type\":\"BreadcrumbList\",\"@id\":\"https:\/\/www.green-courier.eu\/index.php\/hu\/toolbox-3\/#breadcrumb\",\"itemListElement\":[{\"@type\":\"ListItem\",\"position\":1,\"name\":\"Home\",\"item\":\"https:\/\/www.green-courier.eu\/\"},{\"@type\":\"ListItem\",\"position\":2,\"name\":\"Eszk\u00f6zt\u00e1r\"}]},{\"@type\":\"WebSite\",\"@id\":\"https:\/\/www.green-courier.eu\/#website\",\"url\":\"https:\/\/www.green-courier.eu\/\",\"name\":\"Couriers Go Green\",\"description\":\"\",\"publisher\":{\"@id\":\"https:\/\/www.green-courier.eu\/#organization\"},\"potentialAction\":[{\"@type\":\"SearchAction\",\"target\":{\"@type\":\"EntryPoint\",\"urlTemplate\":\"https:\/\/www.green-courier.eu\/?s={search_term_string}\"},\"query-input\":{\"@type\":\"PropertyValueSpecification\",\"valueRequired\":true,\"valueName\":\"search_term_string\"}}],\"inLanguage\":\"en-US\"},{\"@type\":\"Organization\",\"@id\":\"https:\/\/www.green-courier.eu\/#organization\",\"name\":\"Couriers Go Green\",\"url\":\"https:\/\/www.green-courier.eu\/\",\"logo\":{\"@type\":\"ImageObject\",\"inLanguage\":\"en-US\",\"@id\":\"https:\/\/www.green-courier.eu\/#\/schema\/logo\/image\/\",\"url\":\"https:\/\/www.green-courier.eu\/wp-content\/uploads\/2023\/04\/cropped-logo_figma-e1690213555393.png\",\"contentUrl\":\"https:\/\/www.green-courier.eu\/wp-content\/uploads\/2023\/04\/cropped-logo_figma-e1690213555393.png\",\"width\":139,\"height\":130,\"caption\":\"Couriers Go Green\"},\"image\":{\"@id\":\"https:\/\/www.green-courier.eu\/#\/schema\/logo\/image\/\"}}]}<\/script>\n<!-- \/ Yoast SEO plugin. -->","yoast_head_json":{"title":"Eszk\u00f6zt\u00e1r - Couriers Go Green","robots":{"index":"index","follow":"follow","max-snippet":"max-snippet:-1","max-image-preview":"max-image-preview:large","max-video-preview":"max-video-preview:-1"},"canonical":"https:\/\/www.green-courier.eu\/index.php\/hu\/toolbox-3\/","og_locale":"en_US","og_type":"article","og_title":"Eszk\u00f6zt\u00e1r - Couriers Go Green","og_description":"Strat\u00e9giai Tervez\u00e9s Z\u00f6ld Keretrendszer Eszk\u00f6zt\u00e1r Az Eszk\u00f6zt\u00e1r egy t\u00f6bb komponensb\u0151l \u00e1ll\u00f3 platform, amely a fut\u00e1r-, postai \u00e9s sz\u00e1ll\u00edtm\u00e1nyoz\u00e1si v\u00e1llalatokat, szolg\u00e1ltat\u00f3kat seg\u00edti z\u00f6ld strat\u00e9gi\u00e1juk kidolgoz\u00e1s\u00e1ban vagy fel\u00fclvizsg\u00e1lat\u00e1ban. Alapja a Couriers Go Green m\u00f3dszertan, k\u00fcl\u00f6nb\u00f6z\u0151 forr\u00e1sokat \u00e9s inform\u00e1ci\u00f3kat integr\u00e1l, melyeket e c\u00e9gek felhaszn\u00e1lhatnak egy er\u0151s, stabil \u00e9s hossz\u00fa t\u00e1v\u00fa strat\u00e9gia kialak\u00edt\u00e1s\u00e1hoz. Strat\u00e9giai tervez\u00e9s: A platform m\u00f3dszertant biztos\u00edt a fut\u00e1r-, postai \u00e9s sz\u00e1ll\u00edtm\u00e1nyoz\u00e1si c\u00e9gek sz\u00e1m\u00e1ra z\u00f6ld strat\u00e9gi\u00e1juk kidolgoz\u00e1s\u00e1hoz vagy friss\u00edt\u00e9s\u00e9hez, amelynek c\u00e9lja a sz\u00e9n-dioxid-kibocs\u00e1t\u00e1s cs\u00f6kkent\u00e9se \u00e9s a fenntarthat\u00f3s\u00e1g fokoz\u00e1sa. Eszk\u00f6zt\u00e1r funkci\u00f3k: T\u00f6bbkomponens\u0171 platformot k\u00edn\u00e1l k\u00fcl\u00f6nb\u00f6z\u0151 forr\u00e1sokkal \u00e9s inform\u00e1ci\u00f3kkal, amelyek t\u00e1mogatj\u00e1k a v\u00e1llalatokat a k\u00f6rnyezetbar\u00e1t gyakorlatok bevezet\u00e9s\u00e9ben. C\u00e9lcsoport: Az eszk\u00f6zt\u00e1r a fut\u00e1r-, postai \u00e9s sz\u00e1ll\u00edtm\u00e1nyoz\u00e1si \u00e1gazat vez\u00e9rigazgat\u00f3i, vezet\u0151i, igazgat\u00f3i, k\u00f6rnyezetv\u00e9delmi tisztvisel\u0151i \u00e9s \u00fczemeltet\u00e9si vezet\u0151i sz\u00e1m\u00e1ra k\u00e9sz\u00fclt. Oktat\u00e1si szempont: A felhaszn\u00e1l\u00f3k fenntarthat\u00f3 gyakorlatokkal kapcsolatos oktat\u00e1s\u00e1ra \u00e9s a k\u00f6rnyezettudatos d\u00f6nt\u00e9sek meghozatal\u00e1hoz sz\u00fcks\u00e9ges ismeretek k\u00f6zvet\u00edt\u00e9s\u00e9re helyezi a hangs\u00falyt. Eszk\u00f6zt\u00e1r megnyit\u00e1sa","og_url":"https:\/\/www.green-courier.eu\/index.php\/hu\/toolbox-3\/","og_site_name":"Couriers Go Green","article_modified_time":"2024-09-17T18:01:43+00:00","og_image":[{"url":"http:\/\/www.green-courier.eu\/wp-content\/uploads\/2023\/12\/box-with-hand-tool-yellow-background-1024x683.jpg"}],"twitter_card":"summary_large_image","twitter_misc":{"Est. reading time":"1 minute"},"schema":{"@context":"https:\/\/schema.org","@graph":[{"@type":"WebPage","@id":"https:\/\/www.green-courier.eu\/index.php\/hu\/toolbox-3\/","url":"https:\/\/www.green-courier.eu\/index.php\/hu\/toolbox-3\/","name":"Eszk\u00f6zt\u00e1r - Couriers Go Green","isPartOf":{"@id":"https:\/\/www.green-courier.eu\/#website"},"primaryImageOfPage":{"@id":"https:\/\/www.green-courier.eu\/index.php\/hu\/toolbox-3\/#primaryimage"},"image":{"@id":"https:\/\/www.green-courier.eu\/index.php\/hu\/toolbox-3\/#primaryimage"},"thumbnailUrl":"http:\/\/www.green-courier.eu\/wp-content\/uploads\/2023\/12\/box-with-hand-tool-yellow-background-1024x683.jpg","datePublished":"2024-06-12T22:39:29+00:00","dateModified":"2024-09-17T18:01:43+00:00","breadcrumb":{"@id":"https:\/\/www.green-courier.eu\/index.php\/hu\/toolbox-3\/#breadcrumb"},"inLanguage":"en-US","potentialAction":[{"@type":"ReadAction","target":["https:\/\/www.green-courier.eu\/index.php\/hu\/toolbox-3\/"]}]},{"@type":"ImageObject","inLanguage":"en-US","@id":"https:\/\/www.green-courier.eu\/index.php\/hu\/toolbox-3\/#primaryimage","url":"https:\/\/www.green-courier.eu\/wp-content\/uploads\/2023\/12\/box-with-hand-tool-yellow-background.jpg","contentUrl":"https:\/\/www.green-courier.eu\/wp-content\/uploads\/2023\/12\/box-with-hand-tool-yellow-background.jpg","width":1500,"height":1000},{"@type":"BreadcrumbList","@id":"https:\/\/www.green-courier.eu\/index.php\/hu\/toolbox-3\/#breadcrumb","itemListElement":[{"@type":"ListItem","position":1,"name":"Home","item":"https:\/\/www.green-courier.eu\/"},{"@type":"ListItem","position":2,"name":"Eszk\u00f6zt\u00e1r"}]},{"@type":"WebSite","@id":"https:\/\/www.green-courier.eu\/#website","url":"https:\/\/www.green-courier.eu\/","name":"Couriers Go Green","description":"","publisher":{"@id":"https:\/\/www.green-courier.eu\/#organization"},"potentialAction":[{"@type":"SearchAction","target":{"@type":"EntryPoint","urlTemplate":"https:\/\/www.green-courier.eu\/?s={search_term_string}"},"query-input":{"@type":"PropertyValueSpecification","valueRequired":true,"valueName":"search_term_string"}}],"inLanguage":"en-US"},{"@type":"Organization","@id":"https:\/\/www.green-courier.eu\/#organization","name":"Couriers Go Green","url":"https:\/\/www.green-courier.eu\/","logo":{"@type":"ImageObject","inLanguage":"en-US","@id":"https:\/\/www.green-courier.eu\/#\/schema\/logo\/image\/","url":"https:\/\/www.green-courier.eu\/wp-content\/uploads\/2023\/04\/cropped-logo_figma-e1690213555393.png","contentUrl":"https:\/\/www.green-courier.eu\/wp-content\/uploads\/2023\/04\/cropped-logo_figma-e1690213555393.png","width":139,"height":130,"caption":"Couriers Go Green"},"image":{"@id":"https:\/\/www.green-courier.eu\/#\/schema\/logo\/image\/"}}]}},"_links":{"self":[{"href":"https:\/\/www.green-courier.eu\/index.php\/wp-json\/wp\/v2\/pages\/2189","targetHints":{"allow":["GET"]}}],"collection":[{"href":"https:\/\/www.green-courier.eu\/index.php\/wp-json\/wp\/v2\/pages"}],"about":[{"href":"https:\/\/www.green-courier.eu\/index.php\/wp-json\/wp\/v2\/types\/page"}],"author":[{"embeddable":true,"href":"https:\/\/www.green-courier.eu\/index.php\/wp-json\/wp\/v2\/users\/2"}],"replies":[{"embeddable":true,"href":"https:\/\/www.green-courier.eu\/index.php\/wp-json\/wp\/v2\/comments?post=2189"}],"version-history":[{"count":10,"href":"https:\/\/www.green-courier.eu\/index.php\/wp-json\/wp\/v2\/pages\/2189\/revisions"}],"predecessor-version":[{"id":3290,"href":"https:\/\/www.green-courier.eu\/index.php\/wp-json\/wp\/v2\/pages\/2189\/revisions\/3290"}],"wp:attachment":[{"href":"https:\/\/www.green-courier.eu\/index.php\/wp-json\/wp\/v2\/media?parent=2189"}],"curies":[{"name":"wp","href":"https:\/\/api.w.org\/{rel}","templated":true}]}}